{"id":2065,"date":"2023-05-25T09:12:20","date_gmt":"2023-05-25T09:12:20","guid":{"rendered":"https:\/\/www.grupopr.com\/?page_id=2065"},"modified":"2023-05-31T09:30:42","modified_gmt":"2023-05-31T09:30:42","slug":"instalaciones","status":"publish","type":"page","link":"https:\/\/www.grupopr.com\/index.php\/instalaciones\/","title":{"rendered":"Instalaciones"},"content":{"rendered":"\t\t<div data-elementor-type=\"wp-page\" data-elementor-id=\"2065\" class=\"elementor elementor-2065\">\n\t\t\t\t\t\t<section class=\"elementor-section elementor-top-section elementor-element elementor-element-682d56c elementor-section-boxed elementor-section-height-default elementor-section-height-default\" data-id=\"682d56c\" data-element_type=\"section\" data-e-type=\"section\">\n\t\t\t\t\t\t<div class=\"elementor-container elementor-column-gap-default\">\n\t\t\t\t\t<div class=\"elementor-column elementor-col-100 elementor-top-column elementor-element elementor-element-b7f218d\" data-id=\"b7f218d\" data-element_type=\"column\" data-e-type=\"column\">\n\t\t\t<div class=\"elementor-widget-wrap elementor-element-populated\">\n\t\t\t\t\t\t<div class=\"elementor-element elementor-element-ea4c218 elementor-widget elementor-widget-video\" data-id=\"ea4c218\" data-element_type=\"widget\" data-e-type=\"widget\" data-settings=\"{&quot;video_type&quot;:&quot;hosted&quot;,&quot;autoplay&quot;:&quot;yes&quot;,&quot;play_on_mobile&quot;:&quot;yes&quot;,&quot;mute&quot;:&quot;yes&quot;,&quot;loop&quot;:&quot;yes&quot;}\" data-widget_type=\"video.default\">\n\t\t\t\t<div class=\"elementor-widget-container\">\n\t\t\t\t\t\t\t<div class=\"e-hosted-video elementor-wrapper elementor-open-inline\">\n\t\t\t\t\t<video class=\"elementor-video\" src=\"https:\/\/www.grupopr.com\/wp-content\/uploads\/2023\/05\/EXPOSICION.mp4\" autoplay=\"\" loop=\"\" muted=\"muted\" playsinline=\"\" controlsList=\"nodownload\"><\/video>\n\t\t\t\t<\/div>\n\t\t\t\t\t\t<\/div>\n\t\t\t\t<\/div>\n\t\t\t\t\t<\/div>\n\t\t<\/div>\n\t\t\t\t\t<\/div>\n\t\t<\/section>\n\t\t\t\t<section class=\"elementor-section elementor-top-section elementor-element elementor-element-8142447 elementor-section-boxed elementor-section-height-default elementor-section-height-default\" data-id=\"8142447\" data-element_type=\"section\" data-e-type=\"section\">\n\t\t\t\t\t\t<div class=\"elementor-container elementor-column-gap-default\">\n\t\t\t\t\t<div class=\"elementor-column elementor-col-100 elementor-top-column elementor-element elementor-element-c88e32e\" data-id=\"c88e32e\" data-element_type=\"column\" data-e-type=\"column\">\n\t\t\t<div class=\"elementor-widget-wrap elementor-element-populated\">\n\t\t\t\t\t\t<div class=\"elementor-element elementor-element-962af1f elementor-widget elementor-widget-text-editor\" data-id=\"962af1f\" data-element_type=\"widget\" data-e-type=\"widget\" data-widget_type=\"text-editor.default\">\n\t\t\t\t<div class=\"elementor-widget-container\">\n\t\t\t\t\t\t\t\t\t<h3><span style=\"color: #61ce70;\">F\u00c1BRICA Y EXPOSICI\u00d3N<\/span><\/h3><p><span style=\"color: #ffffff;\">Carretera C\u00f3rdoba-M\u00e1laga KM. 78 &#8211; 14900 Lucena (C\u00f3rdoba)<\/span><\/p>\t\t\t\t\t\t\t\t<\/div>\n\t\t\t\t<\/div>\n\t\t\t\t\t<\/div>\n\t\t<\/div>\n\t\t\t\t\t<\/div>\n\t\t<\/section>\n\t\t\t\t<section class=\"elementor-section elementor-top-section elementor-element elementor-element-5bc3756 elementor-section-boxed elementor-section-height-default elementor-section-height-default\" data-id=\"5bc3756\" data-element_type=\"section\" data-e-type=\"section\">\n\t\t\t\t\t\t<div class=\"elementor-container elementor-column-gap-default\">\n\t\t\t\t\t<div class=\"elementor-column elementor-col-100 elementor-top-column elementor-element elementor-element-3c4adbd\" data-id=\"3c4adbd\" data-element_type=\"column\" data-e-type=\"column\">\n\t\t\t<div class=\"elementor-widget-wrap elementor-element-populated\">\n\t\t\t\t\t\t<div class=\"elementor-element elementor-element-e9f7cf1 elementor-widget elementor-widget-text-editor\" data-id=\"e9f7cf1\" data-element_type=\"widget\" data-e-type=\"widget\" data-widget_type=\"text-editor.default\">\n\t\t\t\t<div class=\"elementor-widget-container\">\n\t\t\t\t\t\t\t\t\t<h3><span style=\"color: #61ce70;\">OFICINA EN PORTUGAL<\/span><\/h3><p><span style=\"color: #ffffff;\">Seixal (Lisboa)<\/span><\/p>\t\t\t\t\t\t\t\t<\/div>\n\t\t\t\t<\/div>\n\t\t\t\t\t<\/div>\n\t\t<\/div>\n\t\t\t\t\t<\/div>\n\t\t<\/section>\n\t\t\t\t<section class=\"elementor-section elementor-top-section elementor-element elementor-element-dfe1ef7 elementor-section-boxed elementor-section-height-default elementor-section-height-default\" data-id=\"dfe1ef7\" data-element_type=\"section\" data-e-type=\"section\">\n\t\t\t\t\t\t<div class=\"elementor-container elementor-column-gap-default\">\n\t\t\t\t\t<div class=\"elementor-column elementor-col-100 elementor-top-column elementor-element elementor-element-ba0f93d\" data-id=\"ba0f93d\" data-element_type=\"column\" data-e-type=\"column\">\n\t\t\t<div class=\"elementor-widget-wrap elementor-element-populated\">\n\t\t\t\t\t\t<div class=\"elementor-element elementor-element-45d4244 elementor-widget elementor-widget-text-editor\" data-id=\"45d4244\" data-element_type=\"widget\" data-e-type=\"widget\" data-widget_type=\"text-editor.default\">\n\t\t\t\t<div class=\"elementor-widget-container\">\n\t\t\t\t\t\t\t\t\t<h3><span style=\"color: #61ce70;\">OFICINA EN MARRUECOS<\/span><\/h3><p><span style=\"color: #ffffff;\">Boulevard Ghandi &#8211; Casablanca (Marruecos)<\/span><\/p>\t\t\t\t\t\t\t\t<\/div>\n\t\t\t\t<\/div>\n\t\t\t\t\t<\/div>\n\t\t<\/div>\n\t\t\t\t\t<\/div>\n\t\t<\/section>\n\t\t\t\t<section class=\"elementor-section elementor-top-section elementor-element elementor-element-1cc5dda elementor-section-boxed elementor-section-height-default elementor-section-height-default\" data-id=\"1cc5dda\" data-element_type=\"section\" data-e-type=\"section\">\n\t\t\t\t\t\t<div class=\"elementor-container elementor-column-gap-default\">\n\t\t\t\t\t<div class=\"elementor-column elementor-col-100 elementor-top-column elementor-element elementor-element-d9c0138\" data-id=\"d9c0138\" data-element_type=\"column\" data-e-type=\"column\">\n\t\t\t<div class=\"elementor-widget-wrap elementor-element-populated\">\n\t\t\t\t\t\t<div class=\"elementor-element elementor-element-d8dc1a3 elementor-widget elementor-widget-text-editor\" data-id=\"d8dc1a3\" data-element_type=\"widget\" data-e-type=\"widget\" data-widget_type=\"text-editor.default\">\n\t\t\t\t<div class=\"elementor-widget-container\">\n\t\t\t\t\t\t\t\t\t<h3><span style=\"color: #61ce70;\">OFICINA EN ISLAS CANARIAS<\/span><\/h3><p><span style=\"color: #ffffff;\">Tenerife (Espa\u00f1a)<\/span><\/p>\t\t\t\t\t\t\t\t<\/div>\n\t\t\t\t<\/div>\n\t\t\t\t\t<\/div>\n\t\t<\/div>\n\t\t\t\t\t<\/div>\n\t\t<\/section>\n\t\t\t\t<\/div>\n\t\t","protected":false},"excerpt":{"rendered":"<p>https:\/\/www.grupopr.com\/wp-content\/uploads\/2023\/05\/EXPOSICION.mp4 F\u00c1BRICA Y EXPOSICI\u00d3N Carretera C\u00f3rdoba-M\u00e1laga KM. 78 &#8211; 14900 Lucena (C\u00f3rdoba) OFICINA EN PORTUGAL Seixal (Lisboa) OFICINA EN MARRUECOS Boulevard Ghandi &#8211; Casablanca (Marruecos) OFICINA EN ISLAS CANARIAS Tenerife (Espa\u00f1a)<\/p>\n","protected":false},"author":1,"featured_media":0,"parent":0,"menu_order":0,"comment_status":"closed","ping_status":"closed","template":"","meta":{"footnotes":""},"class_list":["post-2065","page","type-page","status-publish","hentry"],"yoast_head":"<!-- This site is optimized with the Yoast SEO plugin v27.6 - https:\/\/yoast.com\/product\/yoast-seo-wordpress\/ -->\n<title>Instalaciones - GRUPO PINEDA<\/title>\n<meta name=\"robots\" content=\"index, follow, max-snippet:-1, max-image-preview:large, max-video-preview:-1\" \/>\n<link rel=\"canonical\" href=\"https:\/\/www.grupopr.com\/index.php\/instalaciones\/\" \/>\n<meta property=\"og:locale\" content=\"es_ES\" \/>\n<meta property=\"og:type\" content=\"article\" \/>\n<meta property=\"og:title\" content=\"Instalaciones - GRUPO PINEDA\" \/>\n<meta property=\"og:description\" content=\"https:\/\/www.grupopr.com\/wp-content\/uploads\/2023\/05\/EXPOSICION.mp4 F\u00c1BRICA Y EXPOSICI\u00d3N Carretera C\u00f3rdoba-M\u00e1laga KM. 78 &#8211; 14900 Lucena (C\u00f3rdoba) OFICINA EN PORTUGAL Seixal (Lisboa) OFICINA EN MARRUECOS Boulevard Ghandi &#8211; Casablanca (Marruecos) OFICINA EN ISLAS CANARIAS Tenerife (Espa\u00f1a)\" \/>\n<meta property=\"og:url\" content=\"https:\/\/www.grupopr.com\/index.php\/instalaciones\/\" \/>\n<meta property=\"og:site_name\" content=\"GRUPO PINEDA\" \/>\n<meta property=\"article:modified_time\" content=\"2023-05-31T09:30:42+00:00\" \/>\n<meta name=\"twitter:card\" content=\"summary_large_image\" \/>\n<meta name=\"twitter:label1\" content=\"Tiempo de lectura\" \/>\n\t<meta name=\"twitter:data1\" content=\"1 minuto\" \/>\n<script type=\"application\/ld+json\" class=\"yoast-schema-graph\">{\"@context\":\"https:\\\/\\\/schema.org\",\"@graph\":[{\"@type\":\"WebPage\",\"@id\":\"https:\\\/\\\/www.grupopr.com\\\/index.php\\\/instalaciones\\\/\",\"url\":\"https:\\\/\\\/www.grupopr.com\\\/index.php\\\/instalaciones\\\/\",\"name\":\"Instalaciones - GRUPO PINEDA\",\"isPartOf\":{\"@id\":\"https:\\\/\\\/www.grupopr.com\\\/#website\"},\"datePublished\":\"2023-05-25T09:12:20+00:00\",\"dateModified\":\"2023-05-31T09:30:42+00:00\",\"breadcrumb\":{\"@id\":\"https:\\\/\\\/www.grupopr.com\\\/index.php\\\/instalaciones\\\/#breadcrumb\"},\"inLanguage\":\"es\",\"potentialAction\":[{\"@type\":\"ReadAction\",\"target\":[\"https:\\\/\\\/www.grupopr.com\\\/index.php\\\/instalaciones\\\/\"]}]},{\"@type\":\"BreadcrumbList\",\"@id\":\"https:\\\/\\\/www.grupopr.com\\\/index.php\\\/instalaciones\\\/#breadcrumb\",\"itemListElement\":[{\"@type\":\"ListItem\",\"position\":1,\"name\":\"Portada\",\"item\":\"https:\\\/\\\/www.grupopr.com\\\/\"},{\"@type\":\"ListItem\",\"position\":2,\"name\":\"Instalaciones\"}]},{\"@type\":\"WebSite\",\"@id\":\"https:\\\/\\\/www.grupopr.com\\\/#website\",\"url\":\"https:\\\/\\\/www.grupopr.com\\\/\",\"name\":\"GRUPO PINEDA\",\"description\":\"\",\"publisher\":{\"@id\":\"https:\\\/\\\/www.grupopr.com\\\/#organization\"},\"potentialAction\":[{\"@type\":\"SearchAction\",\"target\":{\"@type\":\"EntryPoint\",\"urlTemplate\":\"https:\\\/\\\/www.grupopr.com\\\/?s={search_term_string}\"},\"query-input\":{\"@type\":\"PropertyValueSpecification\",\"valueRequired\":true,\"valueName\":\"search_term_string\"}}],\"inLanguage\":\"es\"},{\"@type\":\"Organization\",\"@id\":\"https:\\\/\\\/www.grupopr.com\\\/#organization\",\"name\":\"GRUPO PINEDA\",\"url\":\"https:\\\/\\\/www.grupopr.com\\\/\",\"logo\":{\"@type\":\"ImageObject\",\"inLanguage\":\"es\",\"@id\":\"https:\\\/\\\/www.grupopr.com\\\/#\\\/schema\\\/logo\\\/image\\\/\",\"url\":\"https:\\\/\\\/www.grupopr.com\\\/wp-content\\\/uploads\\\/2024\\\/09\\\/cropped-LOGO-NUEVO-GRUPO-PINEDA.png\",\"contentUrl\":\"https:\\\/\\\/www.grupopr.com\\\/wp-content\\\/uploads\\\/2024\\\/09\\\/cropped-LOGO-NUEVO-GRUPO-PINEDA.png\",\"width\":3498,\"height\":922,\"caption\":\"GRUPO PINEDA\"},\"image\":{\"@id\":\"https:\\\/\\\/www.grupopr.com\\\/#\\\/schema\\\/logo\\\/image\\\/\"}}]}<\/script>\n<!-- \/ Yoast SEO plugin. -->","yoast_head_json":{"title":"Instalaciones - GRUPO PINEDA","robots":{"index":"index","follow":"follow","max-snippet":"max-snippet:-1","max-image-preview":"max-image-preview:large","max-video-preview":"max-video-preview:-1"},"canonical":"https:\/\/www.grupopr.com\/index.php\/instalaciones\/","og_locale":"es_ES","og_type":"article","og_title":"Instalaciones - GRUPO PINEDA","og_description":"https:\/\/www.grupopr.com\/wp-content\/uploads\/2023\/05\/EXPOSICION.mp4 F\u00c1BRICA Y EXPOSICI\u00d3N Carretera C\u00f3rdoba-M\u00e1laga KM. 78 &#8211; 14900 Lucena (C\u00f3rdoba) OFICINA EN PORTUGAL Seixal (Lisboa) OFICINA EN MARRUECOS Boulevard Ghandi &#8211; Casablanca (Marruecos) OFICINA EN ISLAS CANARIAS Tenerife (Espa\u00f1a)","og_url":"https:\/\/www.grupopr.com\/index.php\/instalaciones\/","og_site_name":"GRUPO PINEDA","article_modified_time":"2023-05-31T09:30:42+00:00","twitter_card":"summary_large_image","twitter_misc":{"Tiempo de lectura":"1 minuto"},"schema":{"@context":"https:\/\/schema.org","@graph":[{"@type":"WebPage","@id":"https:\/\/www.grupopr.com\/index.php\/instalaciones\/","url":"https:\/\/www.grupopr.com\/index.php\/instalaciones\/","name":"Instalaciones - GRUPO PINEDA","isPartOf":{"@id":"https:\/\/www.grupopr.com\/#website"},"datePublished":"2023-05-25T09:12:20+00:00","dateModified":"2023-05-31T09:30:42+00:00","breadcrumb":{"@id":"https:\/\/www.grupopr.com\/index.php\/instalaciones\/#breadcrumb"},"inLanguage":"es","potentialAction":[{"@type":"ReadAction","target":["https:\/\/www.grupopr.com\/index.php\/instalaciones\/"]}]},{"@type":"BreadcrumbList","@id":"https:\/\/www.grupopr.com\/index.php\/instalaciones\/#breadcrumb","itemListElement":[{"@type":"ListItem","position":1,"name":"Portada","item":"https:\/\/www.grupopr.com\/"},{"@type":"ListItem","position":2,"name":"Instalaciones"}]},{"@type":"WebSite","@id":"https:\/\/www.grupopr.com\/#website","url":"https:\/\/www.grupopr.com\/","name":"GRUPO PINEDA","description":"","publisher":{"@id":"https:\/\/www.grupopr.com\/#organization"},"potentialAction":[{"@type":"SearchAction","target":{"@type":"EntryPoint","urlTemplate":"https:\/\/www.grupopr.com\/?s={search_term_string}"},"query-input":{"@type":"PropertyValueSpecification","valueRequired":true,"valueName":"search_term_string"}}],"inLanguage":"es"},{"@type":"Organization","@id":"https:\/\/www.grupopr.com\/#organization","name":"GRUPO PINEDA","url":"https:\/\/www.grupopr.com\/","logo":{"@type":"ImageObject","inLanguage":"es","@id":"https:\/\/www.grupopr.com\/#\/schema\/logo\/image\/","url":"https:\/\/www.grupopr.com\/wp-content\/uploads\/2024\/09\/cropped-LOGO-NUEVO-GRUPO-PINEDA.png","contentUrl":"https:\/\/www.grupopr.com\/wp-content\/uploads\/2024\/09\/cropped-LOGO-NUEVO-GRUPO-PINEDA.png","width":3498,"height":922,"caption":"GRUPO PINEDA"},"image":{"@id":"https:\/\/www.grupopr.com\/#\/schema\/logo\/image\/"}}]}},"jetpack_sharing_enabled":true,"_links":{"self":[{"href":"https:\/\/www.grupopr.com\/index.php\/wp-json\/wp\/v2\/pages\/2065","targetHints":{"allow":["GET"]}}],"collection":[{"href":"https:\/\/www.grupopr.com\/index.php\/wp-json\/wp\/v2\/pages"}],"about":[{"href":"https:\/\/www.grupopr.com\/index.php\/wp-json\/wp\/v2\/types\/page"}],"author":[{"embeddable":true,"href":"https:\/\/www.grupopr.com\/index.php\/wp-json\/wp\/v2\/users\/1"}],"replies":[{"embeddable":true,"href":"https:\/\/www.grupopr.com\/index.php\/wp-json\/wp\/v2\/comments?post=2065"}],"version-history":[{"count":10,"href":"https:\/\/www.grupopr.com\/index.php\/wp-json\/wp\/v2\/pages\/2065\/revisions"}],"predecessor-version":[{"id":2396,"href":"https:\/\/www.grupopr.com\/index.php\/wp-json\/wp\/v2\/pages\/2065\/revisions\/2396"}],"wp:attachment":[{"href":"https:\/\/www.grupopr.com\/index.php\/wp-json\/wp\/v2\/media?parent=2065"}],"curies":[{"name":"wp","href":"https:\/\/api.w.org\/{rel}","templated":true}]}}