{"id":1860,"date":"2023-05-19T08:07:59","date_gmt":"2023-05-19T08:07:59","guid":{"rendered":"https:\/\/www.grupopr.com\/?page_id=1860"},"modified":"2023-05-19T08:27:22","modified_gmt":"2023-05-19T08:27:22","slug":"puertas-lacadas","status":"publish","type":"page","link":"https:\/\/www.grupopr.com\/index.php\/puertas-lacadas\/","title":{"rendered":"Puertas Lacadas"},"content":{"rendered":"\t\t<div data-elementor-type=\"wp-page\" data-elementor-id=\"1860\" class=\"elementor elementor-1860\">\n\t\t\t\t\t\t<section class=\"elementor-section elementor-top-section elementor-element elementor-element-f4e3015 elementor-section-boxed elementor-section-height-default elementor-section-height-default\" data-id=\"f4e3015\" data-element_type=\"section\" data-e-type=\"section\">\n\t\t\t\t\t\t<div class=\"elementor-container elementor-column-gap-default\">\n\t\t\t\t\t<div class=\"elementor-column elementor-col-100 elementor-top-column elementor-element elementor-element-cec480a\" data-id=\"cec480a\" data-element_type=\"column\" data-e-type=\"column\">\n\t\t\t<div class=\"elementor-widget-wrap elementor-element-populated\">\n\t\t\t\t\t\t<div class=\"elementor-element elementor-element-680503e elementor-widget elementor-widget-video\" data-id=\"680503e\" data-element_type=\"widget\" data-e-type=\"widget\" data-settings=\"{&quot;video_type&quot;:&quot;hosted&quot;,&quot;autoplay&quot;:&quot;yes&quot;,&quot;play_on_mobile&quot;:&quot;yes&quot;,&quot;mute&quot;:&quot;yes&quot;,&quot;loop&quot;:&quot;yes&quot;}\" data-widget_type=\"video.default\">\n\t\t\t\t<div class=\"elementor-widget-container\">\n\t\t\t\t\t\t\t<div class=\"e-hosted-video elementor-wrapper elementor-open-inline\">\n\t\t\t\t\t<video class=\"elementor-video\" src=\"https:\/\/www.grupopr.com\/wp-content\/uploads\/2023\/05\/portada-puertas-1.mp4\" autoplay=\"\" loop=\"\" muted=\"muted\" playsinline=\"\" controlsList=\"nodownload\"><\/video>\n\t\t\t\t<\/div>\n\t\t\t\t\t\t<\/div>\n\t\t\t\t<\/div>\n\t\t\t\t\t<\/div>\n\t\t<\/div>\n\t\t\t\t\t<\/div>\n\t\t<\/section>\n\t\t\t\t<section class=\"elementor-section elementor-top-section elementor-element elementor-element-b35589f elementor-section-boxed elementor-section-height-default elementor-section-height-default\" data-id=\"b35589f\" data-element_type=\"section\" data-e-type=\"section\">\n\t\t\t\t\t\t<div class=\"elementor-container elementor-column-gap-default\">\n\t\t\t\t\t<div class=\"elementor-column elementor-col-100 elementor-top-column elementor-element elementor-element-f185d95\" data-id=\"f185d95\" data-element_type=\"column\" data-e-type=\"column\">\n\t\t\t<div class=\"elementor-widget-wrap elementor-element-populated\">\n\t\t\t\t\t\t<div class=\"elementor-element elementor-element-aca3134 elementor-widget elementor-widget-text-editor\" data-id=\"aca3134\" data-element_type=\"widget\" data-e-type=\"widget\" data-widget_type=\"text-editor.default\">\n\t\t\t\t<div class=\"elementor-widget-container\">\n\t\t\t\t\t\t\t\t\t<h2 style=\"text-align: center;\"><span style=\"color: #61ce70;\">PUERTAS PARA MUEBLES DE COCINA<\/span><\/h2>\t\t\t\t\t\t\t\t<\/div>\n\t\t\t\t<\/div>\n\t\t\t\t\t<\/div>\n\t\t<\/div>\n\t\t\t\t\t<\/div>\n\t\t<\/section>\n\t\t\t\t<section class=\"elementor-section elementor-top-section elementor-element elementor-element-37db07f elementor-section-boxed elementor-section-height-default elementor-section-height-default\" data-id=\"37db07f\" data-element_type=\"section\" data-e-type=\"section\">\n\t\t\t\t\t\t<div class=\"elementor-container elementor-column-gap-default\">\n\t\t\t\t\t<div class=\"elementor-column elementor-col-100 elementor-top-column elementor-element elementor-element-200865a\" data-id=\"200865a\" data-element_type=\"column\" data-e-type=\"column\">\n\t\t\t<div class=\"elementor-widget-wrap elementor-element-populated\">\n\t\t\t\t\t\t<div class=\"elementor-element elementor-element-a34a27f elementor-widget elementor-widget-text-editor\" data-id=\"a34a27f\" data-element_type=\"widget\" data-e-type=\"widget\" data-widget_type=\"text-editor.default\">\n\t\t\t\t<div class=\"elementor-widget-container\">\n\t\t\t\t\t\t\t\t\t<p style=\"text-align: center;\"><span style=\"color: #ffffff;\">\u00bfCu\u00e1ntas veces tus clientes han imaginado la cocina de sus sue\u00f1os? En GRUPOPR disponemos del m\u00e1s completo cat\u00e1logo de puertas para muebles de cocina. La diversidad de dise\u00f1os, la versatilidad de nuestros materiales y la amplia variedad de acabados hacen que las combinaciones sean casi infinitas.<\/span><\/p><p style=\"text-align: center;\"><span style=\"color: #ffffff;\">\u00bfCual es tu estilo? Sea el que sea, en GRUPOPR lo hacemos posible.<\/span><\/p>\t\t\t\t\t\t\t\t<\/div>\n\t\t\t\t<\/div>\n\t\t\t\t\t<\/div>\n\t\t<\/div>\n\t\t\t\t\t<\/div>\n\t\t<\/section>\n\t\t\t\t<section class=\"elementor-section elementor-top-section elementor-element elementor-element-a14ddf2 elementor-section-boxed elementor-section-height-default elementor-section-height-default\" data-id=\"a14ddf2\" data-element_type=\"section\" data-e-type=\"section\">\n\t\t\t\t\t\t<div class=\"elementor-container elementor-column-gap-default\">\n\t\t\t\t\t<div class=\"elementor-column elementor-col-20 elementor-top-column elementor-element elementor-element-b60f369\" data-id=\"b60f369\" data-element_type=\"column\" data-e-type=\"column\">\n\t\t\t<div class=\"elementor-widget-wrap elementor-element-populated\">\n\t\t\t\t\t\t<div class=\"elementor-element elementor-element-860702a elementor-align-center elementor-widget elementor-widget-button\" data-id=\"860702a\" data-element_type=\"widget\" data-e-type=\"widget\" data-widget_type=\"button.default\">\n\t\t\t\t<div class=\"elementor-widget-container\">\n\t\t\t\t\t\t\t\t\t<div class=\"elementor-button-wrapper\">\n\t\t\t\t\t<a class=\"elementor-button elementor-button-link elementor-size-lg\" href=\"https:\/\/www.grupopr.com\/index.php\/puertas-lacadas\/\">\n\t\t\t\t\t\t<span class=\"elementor-button-content-wrapper\">\n\t\t\t\t\t\t\t\t\t<span class=\"elementor-button-text\">Lacadas<\/span>\n\t\t\t\t\t<\/span>\n\t\t\t\t\t<\/a>\n\t\t\t\t<\/div>\n\t\t\t\t\t\t\t\t<\/div>\n\t\t\t\t<\/div>\n\t\t\t\t\t<\/div>\n\t\t<\/div>\n\t\t\t\t<div class=\"elementor-column elementor-col-20 elementor-top-column elementor-element elementor-element-4ecc0a3\" data-id=\"4ecc0a3\" data-element_type=\"column\" data-e-type=\"column\">\n\t\t\t<div class=\"elementor-widget-wrap elementor-element-populated\">\n\t\t\t\t\t\t<div class=\"elementor-element elementor-element-c2c1ee4 elementor-align-center elementor-widget elementor-widget-button\" data-id=\"c2c1ee4\" data-element_type=\"widget\" data-e-type=\"widget\" data-widget_type=\"button.default\">\n\t\t\t\t<div class=\"elementor-widget-container\">\n\t\t\t\t\t\t\t\t\t<div class=\"elementor-button-wrapper\">\n\t\t\t\t\t<a class=\"elementor-button elementor-button-link elementor-size-lg\" href=\"https:\/\/www.grupopr.com\/index.php\/puertas-rechapadas\/\">\n\t\t\t\t\t\t<span class=\"elementor-button-content-wrapper\">\n\t\t\t\t\t\t\t\t\t<span class=\"elementor-button-text\">Rechapadas<\/span>\n\t\t\t\t\t<\/span>\n\t\t\t\t\t<\/a>\n\t\t\t\t<\/div>\n\t\t\t\t\t\t\t\t<\/div>\n\t\t\t\t<\/div>\n\t\t\t\t\t<\/div>\n\t\t<\/div>\n\t\t\t\t<div class=\"elementor-column elementor-col-20 elementor-top-column elementor-element elementor-element-f00dbd6\" data-id=\"f00dbd6\" data-element_type=\"column\" data-e-type=\"column\">\n\t\t\t<div class=\"elementor-widget-wrap elementor-element-populated\">\n\t\t\t\t\t\t<div class=\"elementor-element elementor-element-e33bc28 elementor-align-center elementor-widget elementor-widget-button\" data-id=\"e33bc28\" data-element_type=\"widget\" data-e-type=\"widget\" data-widget_type=\"button.default\">\n\t\t\t\t<div class=\"elementor-widget-container\">\n\t\t\t\t\t\t\t\t\t<div class=\"elementor-button-wrapper\">\n\t\t\t\t\t<a class=\"elementor-button elementor-button-link elementor-size-lg\" href=\"https:\/\/www.grupopr.com\/index.php\/puertas-semimacizas\/\">\n\t\t\t\t\t\t<span class=\"elementor-button-content-wrapper\">\n\t\t\t\t\t\t\t\t\t<span class=\"elementor-button-text\">Semimacizas<\/span>\n\t\t\t\t\t<\/span>\n\t\t\t\t\t<\/a>\n\t\t\t\t<\/div>\n\t\t\t\t\t\t\t\t<\/div>\n\t\t\t\t<\/div>\n\t\t\t\t\t<\/div>\n\t\t<\/div>\n\t\t\t\t<div class=\"elementor-column elementor-col-20 elementor-top-column elementor-element elementor-element-c5e092f\" data-id=\"c5e092f\" data-element_type=\"column\" data-e-type=\"column\">\n\t\t\t<div class=\"elementor-widget-wrap elementor-element-populated\">\n\t\t\t\t\t\t<div class=\"elementor-element elementor-element-1f3d137 elementor-align-center elementor-widget elementor-widget-button\" data-id=\"1f3d137\" data-element_type=\"widget\" data-e-type=\"widget\" data-widget_type=\"button.default\">\n\t\t\t\t<div class=\"elementor-widget-container\">\n\t\t\t\t\t\t\t\t\t<div class=\"elementor-button-wrapper\">\n\t\t\t\t\t<a class=\"elementor-button elementor-button-link elementor-size-lg\" href=\"https:\/\/www.grupopr.com\/index.php\/puertas-macizas\/\">\n\t\t\t\t\t\t<span class=\"elementor-button-content-wrapper\">\n\t\t\t\t\t\t\t\t\t<span class=\"elementor-button-text\">Macizas<\/span>\n\t\t\t\t\t<\/span>\n\t\t\t\t\t<\/a>\n\t\t\t\t<\/div>\n\t\t\t\t\t\t\t\t<\/div>\n\t\t\t\t<\/div>\n\t\t\t\t\t<\/div>\n\t\t<\/div>\n\t\t\t\t<div class=\"elementor-column elementor-col-20 elementor-top-column elementor-element elementor-element-8bcd2ed\" data-id=\"8bcd2ed\" data-element_type=\"column\" data-e-type=\"column\">\n\t\t\t<div class=\"elementor-widget-wrap elementor-element-populated\">\n\t\t\t\t\t\t<div class=\"elementor-element elementor-element-0528b4b elementor-align-center elementor-widget elementor-widget-button\" data-id=\"0528b4b\" data-element_type=\"widget\" data-e-type=\"widget\" data-widget_type=\"button.default\">\n\t\t\t\t<div class=\"elementor-widget-container\">\n\t\t\t\t\t\t\t\t\t<div class=\"elementor-button-wrapper\">\n\t\t\t\t\t<a class=\"elementor-button elementor-button-link elementor-size-lg\" href=\"https:\/\/www.grupopr.com\/index.php\/puertas-polilaminadas\/\">\n\t\t\t\t\t\t<span class=\"elementor-button-content-wrapper\">\n\t\t\t\t\t\t\t\t\t<span class=\"elementor-button-text\">Polilaminadas<\/span>\n\t\t\t\t\t<\/span>\n\t\t\t\t\t<\/a>\n\t\t\t\t<\/div>\n\t\t\t\t\t\t\t\t<\/div>\n\t\t\t\t<\/div>\n\t\t\t\t\t<\/div>\n\t\t<\/div>\n\t\t\t\t\t<\/div>\n\t\t<\/section>\n\t\t\t\t<section class=\"elementor-section elementor-top-section elementor-element elementor-element-387f086 elementor-section-full_width elementor-section-stretched elementor-section-height-default elementor-section-height-default\" data-id=\"387f086\" data-element_type=\"section\" data-e-type=\"section\" data-settings=\"{&quot;stretch_section&quot;:&quot;section-stretched&quot;}\">\n\t\t\t\t\t\t<div class=\"elementor-container elementor-column-gap-default\">\n\t\t\t\t\t<div class=\"elementor-column elementor-col-100 elementor-top-column elementor-element elementor-element-0a9e3a1\" data-id=\"0a9e3a1\" data-element_type=\"column\" data-e-type=\"column\">\n\t\t\t<div class=\"elementor-widget-wrap elementor-element-populated\">\n\t\t\t\t\t\t<div class=\"elementor-element elementor-element-92ddfd5 elementor-widget elementor-widget-image\" data-id=\"92ddfd5\" data-element_type=\"widget\" data-e-type=\"widget\" data-widget_type=\"image.default\">\n\t\t\t\t<div class=\"elementor-widget-container\">\n\t\t\t\t\t\t\t\t\t\t\t\t\t\t\t<img fetchpriority=\"high\" decoding=\"async\" width=\"2560\" height=\"1440\" src=\"https:\/\/www.grupopr.com\/wp-content\/uploads\/2023\/04\/imagenes-pagina-web-8-scaled.jpg\" class=\"attachment-full size-full wp-image-1363\" alt=\"\" srcset=\"https:\/\/www.grupopr.com\/wp-content\/uploads\/2023\/04\/imagenes-pagina-web-8-scaled.jpg 2560w, https:\/\/www.grupopr.com\/wp-content\/uploads\/2023\/04\/imagenes-pagina-web-8-300x169.jpg 300w, https:\/\/www.grupopr.com\/wp-content\/uploads\/2023\/04\/imagenes-pagina-web-8-1024x576.jpg 1024w, https:\/\/www.grupopr.com\/wp-content\/uploads\/2023\/04\/imagenes-pagina-web-8-768x432.jpg 768w, https:\/\/www.grupopr.com\/wp-content\/uploads\/2023\/04\/imagenes-pagina-web-8-1536x864.jpg 1536w, https:\/\/www.grupopr.com\/wp-content\/uploads\/2023\/04\/imagenes-pagina-web-8-2048x1152.jpg 2048w, https:\/\/www.grupopr.com\/wp-content\/uploads\/2023\/04\/imagenes-pagina-web-8-1920x1080.jpg 1920w, https:\/\/www.grupopr.com\/wp-content\/uploads\/2023\/04\/imagenes-pagina-web-8-600x338.jpg 600w\" sizes=\"(max-width: 2560px) 100vw, 2560px\" \/>\t\t\t\t\t\t\t\t\t\t\t\t\t\t\t<\/div>\n\t\t\t\t<\/div>\n\t\t\t\t\t<\/div>\n\t\t<\/div>\n\t\t\t\t\t<\/div>\n\t\t<\/section>\n\t\t\t\t<\/div>\n\t\t","protected":false},"excerpt":{"rendered":"<p>https:\/\/www.grupopr.com\/wp-content\/uploads\/2023\/05\/portada-puertas-1.mp4 PUERTAS PARA MUEBLES DE COCINA \u00bfCu\u00e1ntas veces tus clientes han imaginado la cocina de sus sue\u00f1os? En GRUPOPR disponemos del m\u00e1s completo cat\u00e1logo de puertas para muebles de cocina. La diversidad de dise\u00f1os, la versatilidad de nuestros materiales y la amplia variedad de acabados hacen que las combinaciones sean casi infinitas. \u00bfCual es tu&hellip; <br \/> <a class=\"read-more\" href=\"https:\/\/www.grupopr.com\/index.php\/puertas-lacadas\/\">Leer m\u00e1s<\/a><\/p>\n","protected":false},"author":1,"featured_media":0,"parent":0,"menu_order":0,"comment_status":"closed","ping_status":"closed","template":"","meta":{"footnotes":""},"class_list":["post-1860","page","type-page","status-publish","hentry"],"yoast_head":"<!-- This site is optimized with the Yoast SEO plugin v27.6 - https:\/\/yoast.com\/product\/yoast-seo-wordpress\/ -->\n<title>Puertas Lacadas - GRUPO PINEDA<\/title>\n<meta name=\"robots\" content=\"index, follow, max-snippet:-1, max-image-preview:large, max-video-preview:-1\" \/>\n<link rel=\"canonical\" href=\"https:\/\/www.grupopr.com\/index.php\/puertas-lacadas\/\" \/>\n<meta property=\"og:locale\" content=\"es_ES\" \/>\n<meta property=\"og:type\" content=\"article\" \/>\n<meta property=\"og:title\" content=\"Puertas Lacadas - GRUPO PINEDA\" \/>\n<meta property=\"og:description\" content=\"https:\/\/www.grupopr.com\/wp-content\/uploads\/2023\/05\/portada-puertas-1.mp4 PUERTAS PARA MUEBLES DE COCINA \u00bfCu\u00e1ntas veces tus clientes han imaginado la cocina de sus sue\u00f1os? En GRUPOPR disponemos del m\u00e1s completo cat\u00e1logo de puertas para muebles de cocina. La diversidad de dise\u00f1os, la versatilidad de nuestros materiales y la amplia variedad de acabados hacen que las combinaciones sean casi infinitas. \u00bfCual es tu&hellip; Leer m\u00e1s\" \/>\n<meta property=\"og:url\" content=\"https:\/\/www.grupopr.com\/index.php\/puertas-lacadas\/\" \/>\n<meta property=\"og:site_name\" content=\"GRUPO PINEDA\" \/>\n<meta property=\"article:modified_time\" content=\"2023-05-19T08:27:22+00:00\" \/>\n<meta property=\"og:image\" content=\"https:\/\/www.grupopr.com\/wp-content\/uploads\/2023\/04\/imagenes-pagina-web-8-scaled.jpg\" \/>\n<meta name=\"twitter:card\" content=\"summary_large_image\" \/>\n<meta name=\"twitter:label1\" content=\"Tiempo de lectura\" \/>\n\t<meta name=\"twitter:data1\" content=\"1 minuto\" \/>\n<script type=\"application\/ld+json\" class=\"yoast-schema-graph\">{\"@context\":\"https:\\\/\\\/schema.org\",\"@graph\":[{\"@type\":\"WebPage\",\"@id\":\"https:\\\/\\\/www.grupopr.com\\\/index.php\\\/puertas-lacadas\\\/\",\"url\":\"https:\\\/\\\/www.grupopr.com\\\/index.php\\\/puertas-lacadas\\\/\",\"name\":\"Puertas Lacadas - GRUPO PINEDA\",\"isPartOf\":{\"@id\":\"https:\\\/\\\/www.grupopr.com\\\/#website\"},\"primaryImageOfPage\":{\"@id\":\"https:\\\/\\\/www.grupopr.com\\\/index.php\\\/puertas-lacadas\\\/#primaryimage\"},\"image\":{\"@id\":\"https:\\\/\\\/www.grupopr.com\\\/index.php\\\/puertas-lacadas\\\/#primaryimage\"},\"thumbnailUrl\":\"https:\\\/\\\/www.grupopr.com\\\/wp-content\\\/uploads\\\/2023\\\/04\\\/imagenes-pagina-web-8-scaled.jpg\",\"datePublished\":\"2023-05-19T08:07:59+00:00\",\"dateModified\":\"2023-05-19T08:27:22+00:00\",\"breadcrumb\":{\"@id\":\"https:\\\/\\\/www.grupopr.com\\\/index.php\\\/puertas-lacadas\\\/#breadcrumb\"},\"inLanguage\":\"es\",\"potentialAction\":[{\"@type\":\"ReadAction\",\"target\":[\"https:\\\/\\\/www.grupopr.com\\\/index.php\\\/puertas-lacadas\\\/\"]}]},{\"@type\":\"ImageObject\",\"inLanguage\":\"es\",\"@id\":\"https:\\\/\\\/www.grupopr.com\\\/index.php\\\/puertas-lacadas\\\/#primaryimage\",\"url\":\"https:\\\/\\\/www.grupopr.com\\\/wp-content\\\/uploads\\\/2023\\\/04\\\/imagenes-pagina-web-8-scaled.jpg\",\"contentUrl\":\"https:\\\/\\\/www.grupopr.com\\\/wp-content\\\/uploads\\\/2023\\\/04\\\/imagenes-pagina-web-8-scaled.jpg\",\"width\":2560,\"height\":1440},{\"@type\":\"BreadcrumbList\",\"@id\":\"https:\\\/\\\/www.grupopr.com\\\/index.php\\\/puertas-lacadas\\\/#breadcrumb\",\"itemListElement\":[{\"@type\":\"ListItem\",\"position\":1,\"name\":\"Portada\",\"item\":\"https:\\\/\\\/www.grupopr.com\\\/\"},{\"@type\":\"ListItem\",\"position\":2,\"name\":\"Puertas Lacadas\"}]},{\"@type\":\"WebSite\",\"@id\":\"https:\\\/\\\/www.grupopr.com\\\/#website\",\"url\":\"https:\\\/\\\/www.grupopr.com\\\/\",\"name\":\"GRUPO PINEDA\",\"description\":\"\",\"publisher\":{\"@id\":\"https:\\\/\\\/www.grupopr.com\\\/#organization\"},\"potentialAction\":[{\"@type\":\"SearchAction\",\"target\":{\"@type\":\"EntryPoint\",\"urlTemplate\":\"https:\\\/\\\/www.grupopr.com\\\/?s={search_term_string}\"},\"query-input\":{\"@type\":\"PropertyValueSpecification\",\"valueRequired\":true,\"valueName\":\"search_term_string\"}}],\"inLanguage\":\"es\"},{\"@type\":\"Organization\",\"@id\":\"https:\\\/\\\/www.grupopr.com\\\/#organization\",\"name\":\"GRUPO PINEDA\",\"url\":\"https:\\\/\\\/www.grupopr.com\\\/\",\"logo\":{\"@type\":\"ImageObject\",\"inLanguage\":\"es\",\"@id\":\"https:\\\/\\\/www.grupopr.com\\\/#\\\/schema\\\/logo\\\/image\\\/\",\"url\":\"https:\\\/\\\/www.grupopr.com\\\/wp-content\\\/uploads\\\/2024\\\/09\\\/cropped-LOGO-NUEVO-GRUPO-PINEDA.png\",\"contentUrl\":\"https:\\\/\\\/www.grupopr.com\\\/wp-content\\\/uploads\\\/2024\\\/09\\\/cropped-LOGO-NUEVO-GRUPO-PINEDA.png\",\"width\":3498,\"height\":922,\"caption\":\"GRUPO PINEDA\"},\"image\":{\"@id\":\"https:\\\/\\\/www.grupopr.com\\\/#\\\/schema\\\/logo\\\/image\\\/\"}}]}<\/script>\n<!-- \/ Yoast SEO plugin. -->","yoast_head_json":{"title":"Puertas Lacadas - GRUPO PINEDA","robots":{"index":"index","follow":"follow","max-snippet":"max-snippet:-1","max-image-preview":"max-image-preview:large","max-video-preview":"max-video-preview:-1"},"canonical":"https:\/\/www.grupopr.com\/index.php\/puertas-lacadas\/","og_locale":"es_ES","og_type":"article","og_title":"Puertas Lacadas - GRUPO PINEDA","og_description":"https:\/\/www.grupopr.com\/wp-content\/uploads\/2023\/05\/portada-puertas-1.mp4 PUERTAS PARA MUEBLES DE COCINA \u00bfCu\u00e1ntas veces tus clientes han imaginado la cocina de sus sue\u00f1os? En GRUPOPR disponemos del m\u00e1s completo cat\u00e1logo de puertas para muebles de cocina. La diversidad de dise\u00f1os, la versatilidad de nuestros materiales y la amplia variedad de acabados hacen que las combinaciones sean casi infinitas. \u00bfCual es tu&hellip; Leer m\u00e1s","og_url":"https:\/\/www.grupopr.com\/index.php\/puertas-lacadas\/","og_site_name":"GRUPO PINEDA","article_modified_time":"2023-05-19T08:27:22+00:00","og_image":[{"url":"https:\/\/www.grupopr.com\/wp-content\/uploads\/2023\/04\/imagenes-pagina-web-8-scaled.jpg","type":"","width":"","height":""}],"twitter_card":"summary_large_image","twitter_misc":{"Tiempo de lectura":"1 minuto"},"schema":{"@context":"https:\/\/schema.org","@graph":[{"@type":"WebPage","@id":"https:\/\/www.grupopr.com\/index.php\/puertas-lacadas\/","url":"https:\/\/www.grupopr.com\/index.php\/puertas-lacadas\/","name":"Puertas Lacadas - GRUPO PINEDA","isPartOf":{"@id":"https:\/\/www.grupopr.com\/#website"},"primaryImageOfPage":{"@id":"https:\/\/www.grupopr.com\/index.php\/puertas-lacadas\/#primaryimage"},"image":{"@id":"https:\/\/www.grupopr.com\/index.php\/puertas-lacadas\/#primaryimage"},"thumbnailUrl":"https:\/\/www.grupopr.com\/wp-content\/uploads\/2023\/04\/imagenes-pagina-web-8-scaled.jpg","datePublished":"2023-05-19T08:07:59+00:00","dateModified":"2023-05-19T08:27:22+00:00","breadcrumb":{"@id":"https:\/\/www.grupopr.com\/index.php\/puertas-lacadas\/#breadcrumb"},"inLanguage":"es","potentialAction":[{"@type":"ReadAction","target":["https:\/\/www.grupopr.com\/index.php\/puertas-lacadas\/"]}]},{"@type":"ImageObject","inLanguage":"es","@id":"https:\/\/www.grupopr.com\/index.php\/puertas-lacadas\/#primaryimage","url":"https:\/\/www.grupopr.com\/wp-content\/uploads\/2023\/04\/imagenes-pagina-web-8-scaled.jpg","contentUrl":"https:\/\/www.grupopr.com\/wp-content\/uploads\/2023\/04\/imagenes-pagina-web-8-scaled.jpg","width":2560,"height":1440},{"@type":"BreadcrumbList","@id":"https:\/\/www.grupopr.com\/index.php\/puertas-lacadas\/#breadcrumb","itemListElement":[{"@type":"ListItem","position":1,"name":"Portada","item":"https:\/\/www.grupopr.com\/"},{"@type":"ListItem","position":2,"name":"Puertas Lacadas"}]},{"@type":"WebSite","@id":"https:\/\/www.grupopr.com\/#website","url":"https:\/\/www.grupopr.com\/","name":"GRUPO PINEDA","description":"","publisher":{"@id":"https:\/\/www.grupopr.com\/#organization"},"potentialAction":[{"@type":"SearchAction","target":{"@type":"EntryPoint","urlTemplate":"https:\/\/www.grupopr.com\/?s={search_term_string}"},"query-input":{"@type":"PropertyValueSpecification","valueRequired":true,"valueName":"search_term_string"}}],"inLanguage":"es"},{"@type":"Organization","@id":"https:\/\/www.grupopr.com\/#organization","name":"GRUPO PINEDA","url":"https:\/\/www.grupopr.com\/","logo":{"@type":"ImageObject","inLanguage":"es","@id":"https:\/\/www.grupopr.com\/#\/schema\/logo\/image\/","url":"https:\/\/www.grupopr.com\/wp-content\/uploads\/2024\/09\/cropped-LOGO-NUEVO-GRUPO-PINEDA.png","contentUrl":"https:\/\/www.grupopr.com\/wp-content\/uploads\/2024\/09\/cropped-LOGO-NUEVO-GRUPO-PINEDA.png","width":3498,"height":922,"caption":"GRUPO PINEDA"},"image":{"@id":"https:\/\/www.grupopr.com\/#\/schema\/logo\/image\/"}}]}},"jetpack_sharing_enabled":true,"_links":{"self":[{"href":"https:\/\/www.grupopr.com\/index.php\/wp-json\/wp\/v2\/pages\/1860","targetHints":{"allow":["GET"]}}],"collection":[{"href":"https:\/\/www.grupopr.com\/index.php\/wp-json\/wp\/v2\/pages"}],"about":[{"href":"https:\/\/www.grupopr.com\/index.php\/wp-json\/wp\/v2\/types\/page"}],"author":[{"embeddable":true,"href":"https:\/\/www.grupopr.com\/index.php\/wp-json\/wp\/v2\/users\/1"}],"replies":[{"embeddable":true,"href":"https:\/\/www.grupopr.com\/index.php\/wp-json\/wp\/v2\/comments?post=1860"}],"version-history":[{"count":25,"href":"https:\/\/www.grupopr.com\/index.php\/wp-json\/wp\/v2\/pages\/1860\/revisions"}],"predecessor-version":[{"id":1919,"href":"https:\/\/www.grupopr.com\/index.php\/wp-json\/wp\/v2\/pages\/1860\/revisions\/1919"}],"wp:attachment":[{"href":"https:\/\/www.grupopr.com\/index.php\/wp-json\/wp\/v2\/media?parent=1860"}],"curies":[{"name":"wp","href":"https:\/\/api.w.org\/{rel}","templated":true}]}}