{"id":1321,"date":"2023-04-20T07:37:26","date_gmt":"2023-04-20T07:37:26","guid":{"rendered":"https:\/\/www.grupopr.com\/?page_id=1321"},"modified":"2023-04-20T07:52:57","modified_gmt":"2023-04-20T07:52:57","slug":"blog-cocinas-pequenas-modernas","status":"publish","type":"page","link":"https:\/\/www.grupopr.com\/index.php\/blog-cocinas-pequenas-modernas\/","title":{"rendered":"Blog &#8211; Cocinas peque\u00f1as modernas"},"content":{"rendered":"\t\t<div data-elementor-type=\"wp-page\" data-elementor-id=\"1321\" class=\"elementor elementor-1321\">\n\t\t\t\t\t\t<section class=\"elementor-section elementor-top-section elementor-element elementor-element-e061b14 elementor-section-boxed elementor-section-height-default elementor-section-height-default\" data-id=\"e061b14\" data-element_type=\"section\" data-e-type=\"section\">\n\t\t\t\t\t\t<div class=\"elementor-container elementor-column-gap-default\">\n\t\t\t\t\t<div class=\"elementor-column elementor-col-100 elementor-top-column elementor-element elementor-element-75c81ac\" data-id=\"75c81ac\" data-element_type=\"column\" data-e-type=\"column\">\n\t\t\t<div class=\"elementor-widget-wrap elementor-element-populated\">\n\t\t\t\t\t\t<div class=\"elementor-element elementor-element-3bf1b86 elementor-widget elementor-widget-video\" data-id=\"3bf1b86\" data-element_type=\"widget\" data-e-type=\"widget\" data-settings=\"{&quot;video_type&quot;:&quot;hosted&quot;,&quot;autoplay&quot;:&quot;yes&quot;,&quot;play_on_mobile&quot;:&quot;yes&quot;,&quot;mute&quot;:&quot;yes&quot;,&quot;loop&quot;:&quot;yes&quot;}\" data-widget_type=\"video.default\">\n\t\t\t\t<div class=\"elementor-widget-container\">\n\t\t\t\t\t\t\t<div class=\"e-hosted-video elementor-wrapper elementor-open-inline\">\n\t\t\t\t\t<video class=\"elementor-video\" src=\"http:\/\/www.grupopr.com\/wp-content\/uploads\/2023\/04\/portada-pagina-web-grupopr.mp4\" autoplay=\"\" loop=\"\" muted=\"muted\" playsinline=\"\" controlsList=\"nodownload\"><\/video>\n\t\t\t\t<\/div>\n\t\t\t\t\t\t<\/div>\n\t\t\t\t<\/div>\n\t\t\t\t\t<\/div>\n\t\t<\/div>\n\t\t\t\t\t<\/div>\n\t\t<\/section>\n\t\t\t\t<section class=\"elementor-section elementor-top-section elementor-element elementor-element-fef908e elementor-section-boxed elementor-section-height-default elementor-section-height-default\" data-id=\"fef908e\" data-element_type=\"section\" data-e-type=\"section\">\n\t\t\t\t\t\t<div class=\"elementor-container elementor-column-gap-default\">\n\t\t\t\t\t<div class=\"elementor-column elementor-col-100 elementor-top-column elementor-element elementor-element-ca558c6\" data-id=\"ca558c6\" data-element_type=\"column\" data-e-type=\"column\" data-settings=\"{&quot;background_background&quot;:&quot;classic&quot;}\">\n\t\t\t<div class=\"elementor-widget-wrap elementor-element-populated\">\n\t\t\t\t\t\t<div class=\"elementor-element elementor-element-f3f8eb6 elementor-widget elementor-widget-image\" data-id=\"f3f8eb6\" data-element_type=\"widget\" data-e-type=\"widget\" data-widget_type=\"image.default\">\n\t\t\t\t<div class=\"elementor-widget-container\">\n\t\t\t\t\t\t\t\t\t\t\t\t\t\t\t<img fetchpriority=\"high\" decoding=\"async\" width=\"2560\" height=\"1440\" src=\"https:\/\/www.grupopr.com\/wp-content\/uploads\/2023\/04\/imagenes-pagina-web-2-scaled.jpg\" class=\"attachment-full size-full wp-image-1135\" alt=\"\" srcset=\"https:\/\/www.grupopr.com\/wp-content\/uploads\/2023\/04\/imagenes-pagina-web-2-scaled.jpg 2560w, https:\/\/www.grupopr.com\/wp-content\/uploads\/2023\/04\/imagenes-pagina-web-2-300x169.jpg 300w, https:\/\/www.grupopr.com\/wp-content\/uploads\/2023\/04\/imagenes-pagina-web-2-1024x576.jpg 1024w, https:\/\/www.grupopr.com\/wp-content\/uploads\/2023\/04\/imagenes-pagina-web-2-768x432.jpg 768w, https:\/\/www.grupopr.com\/wp-content\/uploads\/2023\/04\/imagenes-pagina-web-2-1536x864.jpg 1536w, https:\/\/www.grupopr.com\/wp-content\/uploads\/2023\/04\/imagenes-pagina-web-2-2048x1152.jpg 2048w, https:\/\/www.grupopr.com\/wp-content\/uploads\/2023\/04\/imagenes-pagina-web-2-1920x1080.jpg 1920w, https:\/\/www.grupopr.com\/wp-content\/uploads\/2023\/04\/imagenes-pagina-web-2-600x338.jpg 600w\" sizes=\"(max-width: 2560px) 100vw, 2560px\" \/>\t\t\t\t\t\t\t\t\t\t\t\t\t\t\t<\/div>\n\t\t\t\t<\/div>\n\t\t\t\t<div class=\"elementor-element elementor-element-b52f031 elementor-widget elementor-widget-text-editor\" data-id=\"b52f031\" data-element_type=\"widget\" data-e-type=\"widget\" data-widget_type=\"text-editor.default\">\n\t\t\t\t<div class=\"elementor-widget-container\">\n\t\t\t\t\t\t\t\t\t<h2 style=\"text-align: center;\"><span style=\"color: #61ce70;\"><strong>Cocinas peque\u00f1as modernas<\/strong><\/span><\/h2><p><span style=\"color: #000000;\">Espacios peque\u00f1os no son sin\u00f3nimo de incomodidad. Para que nuestra\u00a0cocina peque\u00f1a sea lo m\u00e1s pr\u00e1ctica posible\u00a0t\u00f3mate un tiempo en pensar la estructura y distribuci\u00f3n, colores, dise\u00f1o, espacio disponible, decoraci\u00f3n, etc. Para ello te recomendamos que leas blogs, consultes revistas e incluso que te hagas tus propias simulaciones, en papel o en 3D si te manejas bien con la inform\u00e1tica.<\/span><\/p><p><span style=\"color: #000000;\">Como siempre, lo m\u00e1s importante es no precipitarse y tomar las decisiones correctas. Si hacemos un trabajo previo de an\u00e1lisis sobre los metros de nuestra cocina y tenemos las ideas claras podemos crear cocinas modernas y c\u00f3modas aunque sean peque\u00f1as.<\/span><\/p><h3><span style=\"color: #000000;\">COLORES PARA COCINA PEQUE\u00d1A<\/span><\/h3><p><span style=\"color: #000000;\"><img decoding=\"async\" class=\" wp-image-1329 alignleft\" src=\"https:\/\/www.grupopr.com\/wp-content\/uploads\/2023\/04\/imagenes-pagina-web-3-300x169.jpg\" alt=\"\" width=\"250\" height=\"140\" srcset=\"https:\/\/www.grupopr.com\/wp-content\/uploads\/2023\/04\/imagenes-pagina-web-3-300x169.jpg 300w, https:\/\/www.grupopr.com\/wp-content\/uploads\/2023\/04\/imagenes-pagina-web-3-1024x576.jpg 1024w, https:\/\/www.grupopr.com\/wp-content\/uploads\/2023\/04\/imagenes-pagina-web-3-768x432.jpg 768w, https:\/\/www.grupopr.com\/wp-content\/uploads\/2023\/04\/imagenes-pagina-web-3-1536x864.jpg 1536w, https:\/\/www.grupopr.com\/wp-content\/uploads\/2023\/04\/imagenes-pagina-web-3-2048x1152.jpg 2048w, https:\/\/www.grupopr.com\/wp-content\/uploads\/2023\/04\/imagenes-pagina-web-3-1920x1080.jpg 1920w, https:\/\/www.grupopr.com\/wp-content\/uploads\/2023\/04\/imagenes-pagina-web-3-600x338.jpg 600w\" sizes=\"(max-width: 250px) 100vw, 250px\" \/>Es muy importante la selecci\u00f3n de colores ya que si disponemos de poco espacio, deberemos escoger colores claros, que aportan luminosidad y hacen la estancia m\u00e1s grande visualmente. Si quieres tener una cocina moderna, por ejemplo los\u00a0tonos blancos y neutros\u00a0nos dar\u00e1n m\u00e1s\u00a0luminosidad\u00a0y una mayor sensaci\u00f3n de\u00a0espacio\u00a0en nuestra cocina peque\u00f1a y le dar\u00e1 un aspecto m\u00e1s moderno. Especialmente importante si no tienes mucha luz natural, opta por tonos claros que har\u00e1n que los espacios crezcan visualmente.<\/span><\/p><p><span style=\"color: #000000;\">Si la cocina es m\u00e1s luminosa podr\u00e1s plantearte otro tipo de colores, pero siempre ten en cuenta que los tonos neutros dar\u00e1n luminosidad. Tambi\u00e9n podemos elegir materiales en tonos madera en combinaci\u00f3n con otros colores para darle un aire m\u00e1s n\u00f3rdico.<\/span><\/p><p><span style=\"color: #000000;\">Si queremos que nuestra casa respire un aire m\u00e1s r\u00fastico, deberemos prestar atenci\u00f3n al modelo de puerta que elegimos.\u00a0<\/span><\/p><h3><span style=\"color: #000000;\">MEJORES DISE\u00d1OS PARA COCINAS PEQUE\u00d1AS<\/span><\/h3><p><span style=\"color: #000000;\"><img decoding=\"async\" class=\"size-medium wp-image-1328 alignright\" src=\"https:\/\/www.grupopr.com\/wp-content\/uploads\/2023\/04\/imagenes-pagina-web-4-300x169.jpg\" alt=\"\" width=\"300\" height=\"169\" srcset=\"https:\/\/www.grupopr.com\/wp-content\/uploads\/2023\/04\/imagenes-pagina-web-4-300x169.jpg 300w, https:\/\/www.grupopr.com\/wp-content\/uploads\/2023\/04\/imagenes-pagina-web-4-1024x576.jpg 1024w, https:\/\/www.grupopr.com\/wp-content\/uploads\/2023\/04\/imagenes-pagina-web-4-768x432.jpg 768w, https:\/\/www.grupopr.com\/wp-content\/uploads\/2023\/04\/imagenes-pagina-web-4-1536x864.jpg 1536w, https:\/\/www.grupopr.com\/wp-content\/uploads\/2023\/04\/imagenes-pagina-web-4-2048x1152.jpg 2048w, https:\/\/www.grupopr.com\/wp-content\/uploads\/2023\/04\/imagenes-pagina-web-4-1920x1080.jpg 1920w, https:\/\/www.grupopr.com\/wp-content\/uploads\/2023\/04\/imagenes-pagina-web-4-600x338.jpg 600w\" sizes=\"(max-width: 300px) 100vw, 300px\" \/>La selecci\u00f3n de la distribuci\u00f3n de los muebles de tu cocina es todav\u00eda m\u00e1s importante para espacios peque\u00f1os, as\u00ed que \u00e9ste es un punto clave. Como siempre, intenta buscar armon\u00eda y ajustarte a los recursos que tienes. Por ejemplo, puede ser que te encanten las\u00a0<a style=\"color: #000000;\" href=\"https:\/\/cocinas.com\/blog\/ventajas-cocinas-isla\/\">cocinas con isla<\/a>, pero en espacios peque\u00f1os no es recomendable porque en la cocina tenemos que tener amplitud para movernos con comodidad mientras trabajamos.<\/span><\/p><p><span style=\"color: #000000;\">Las\u00a0formas m\u00e1s recomendables para una cocina peque\u00f1a\u00a0ser\u00edan en forma de C, L o pen\u00ednsula. Consulta en este post las posibles\u00a0<a style=\"color: #000000;\" href=\"https:\/\/cocinas.com\/blog\/distribucion-perfecta-cocina\/\">caracter\u00edsticas de cada tipo de cocina<\/a>.<\/span><\/p><p><span style=\"color: #000000;\">Adem\u00e1s, para aprovechar al m\u00e1ximo el espacio, intenta tener a la vista \u00fanicamente aquellos objetos que se utilizan m\u00e1s habitualmente. Te proponemos elegir muebles sin tiradores, l\u00edneas rectas y superficies lisas, que te ayudar\u00e1n a dise\u00f1ar tu cocina peque\u00f1a moderna.<\/span><\/p><h3><span style=\"color: #000000;\">ALMACENAMIENTO Y MOBILIARIO<\/span><\/h3><p><span style=\"color: #000000;\"><img loading=\"lazy\" decoding=\"async\" class=\"size-medium wp-image-1327 alignleft\" src=\"https:\/\/www.grupopr.com\/wp-content\/uploads\/2023\/04\/imagenes-pagina-web-5-300x169.jpg\" alt=\"\" width=\"300\" height=\"169\" srcset=\"https:\/\/www.grupopr.com\/wp-content\/uploads\/2023\/04\/imagenes-pagina-web-5-300x169.jpg 300w, https:\/\/www.grupopr.com\/wp-content\/uploads\/2023\/04\/imagenes-pagina-web-5-1024x576.jpg 1024w, https:\/\/www.grupopr.com\/wp-content\/uploads\/2023\/04\/imagenes-pagina-web-5-768x432.jpg 768w, https:\/\/www.grupopr.com\/wp-content\/uploads\/2023\/04\/imagenes-pagina-web-5-1536x864.jpg 1536w, https:\/\/www.grupopr.com\/wp-content\/uploads\/2023\/04\/imagenes-pagina-web-5-2048x1152.jpg 2048w, https:\/\/www.grupopr.com\/wp-content\/uploads\/2023\/04\/imagenes-pagina-web-5-1920x1080.jpg 1920w, https:\/\/www.grupopr.com\/wp-content\/uploads\/2023\/04\/imagenes-pagina-web-5-600x338.jpg 600w\" sizes=\"(max-width: 300px) 100vw, 300px\" \/>Como ya hemos dicho, es\u00a0fundamental aprovechar y optimizar el espacio al m\u00e1ximo. Utiliza cajones amplios, armarios verticales y selecciona bien los electrodom\u00e9sticos. Elige una placa vitrocer\u00e1mica que se ajuste a tu espacio, y date cuenta de que puedes seleccionar diferentes tama\u00f1os de frigor\u00edfico y horno. Saber qu\u00e9 electrodom\u00e9sticos vas a poner es vital antes de dise\u00f1ar la cocina.<\/span><\/p><p><span style=\"color: #000000;\">Para tener m\u00e1s espacio de encimera puedes optar por una placa vitrocer\u00e1mica de 2 fuegos en vez de 3 o 4 que son m\u00e1s grandes. Lavavajillas de 45 o 60 cms de ancho, horno de 45 o 60 cms .de altura , y frigor\u00edfico de diferentes alturas y anchuras, seg\u00fan tu estilo de vida y necesidades.<\/span><\/p><p><span style=\"color: #000000;\">Has de plantearte si merece la pena un lavavajillas o por el contrario prefieres aprovechar el espacio para almacenamiento en el caso de que lo vayas a necesitar. \u00a1Todos los detalles cuentan! Es importante que dise\u00f1es tu cocina seg\u00fan tu estilo de vida y necesidades.<\/span><\/p><p><span style=\"color: #000000;\">Una buena soluci\u00f3n para una cocina peque\u00f1a es una mesa extra\u00edble para las comidas o una barra para prolongar la encimera y con unos taburetes tenemos un espacio perfecto para aprovechar nuestra cocina peque\u00f1a.<\/span><\/p><p style=\"text-align: center;\"><span style=\"color: #000000;\">\u00a1Esperamos que estos consejos te sirvan para dise\u00f1ar tu cocina peque\u00f1a moderna!<\/span><\/p>\t\t\t\t\t\t\t\t<\/div>\n\t\t\t\t<\/div>\n\t\t\t\t<div class=\"elementor-element elementor-element-24b20ba elementor-widget elementor-widget-text-editor\" data-id=\"24b20ba\" data-element_type=\"widget\" data-e-type=\"widget\" data-widget_type=\"text-editor.default\">\n\t\t\t\t<div class=\"elementor-widget-container\">\n\t\t\t\t\t\t\t\t\t<p><span style=\"color: #808080;\">29 de marzo de 2023<\/span><\/p>\t\t\t\t\t\t\t\t<\/div>\n\t\t\t\t<\/div>\n\t\t\t\t\t<\/div>\n\t\t<\/div>\n\t\t\t\t\t<\/div>\n\t\t<\/section>\n\t\t\t\t<\/div>\n\t\t","protected":false},"excerpt":{"rendered":"<p>http:\/\/www.grupopr.com\/wp-content\/uploads\/2023\/04\/portada-pagina-web-grupopr.mp4 Cocinas peque\u00f1as modernas Espacios peque\u00f1os no son sin\u00f3nimo de incomodidad. Para que nuestra\u00a0cocina peque\u00f1a sea lo m\u00e1s pr\u00e1ctica posible\u00a0t\u00f3mate un tiempo en pensar la estructura y distribuci\u00f3n, colores, dise\u00f1o, espacio disponible, decoraci\u00f3n, etc. Para ello te recomendamos que leas blogs, consultes revistas e incluso que te hagas tus propias simulaciones, en papel o en&hellip; <br \/> <a class=\"read-more\" href=\"https:\/\/www.grupopr.com\/index.php\/blog-cocinas-pequenas-modernas\/\">Leer m\u00e1s<\/a><\/p>\n","protected":false},"author":1,"featured_media":0,"parent":0,"menu_order":0,"comment_status":"closed","ping_status":"closed","template":"","meta":{"footnotes":""},"class_list":["post-1321","page","type-page","status-publish","hentry"],"yoast_head":"<!-- This site is optimized with the Yoast SEO plugin v27.6 - https:\/\/yoast.com\/product\/yoast-seo-wordpress\/ -->\n<title>Blog - Cocinas peque\u00f1as modernas - GRUPO PINEDA<\/title>\n<meta name=\"robots\" content=\"index, follow, max-snippet:-1, max-image-preview:large, max-video-preview:-1\" \/>\n<link rel=\"canonical\" href=\"https:\/\/www.grupopr.com\/index.php\/blog-cocinas-pequenas-modernas\/\" \/>\n<meta property=\"og:locale\" content=\"es_ES\" \/>\n<meta property=\"og:type\" content=\"article\" \/>\n<meta property=\"og:title\" content=\"Blog - Cocinas peque\u00f1as modernas - GRUPO PINEDA\" \/>\n<meta property=\"og:description\" content=\"http:\/\/www.grupopr.com\/wp-content\/uploads\/2023\/04\/portada-pagina-web-grupopr.mp4 Cocinas peque\u00f1as modernas Espacios peque\u00f1os no son sin\u00f3nimo de incomodidad. Para que nuestra\u00a0cocina peque\u00f1a sea lo m\u00e1s pr\u00e1ctica posible\u00a0t\u00f3mate un tiempo en pensar la estructura y distribuci\u00f3n, colores, dise\u00f1o, espacio disponible, decoraci\u00f3n, etc. Para ello te recomendamos que leas blogs, consultes revistas e incluso que te hagas tus propias simulaciones, en papel o en&hellip; Leer m\u00e1s\" \/>\n<meta property=\"og:url\" content=\"https:\/\/www.grupopr.com\/index.php\/blog-cocinas-pequenas-modernas\/\" \/>\n<meta property=\"og:site_name\" content=\"GRUPO PINEDA\" \/>\n<meta property=\"article:modified_time\" content=\"2023-04-20T07:52:57+00:00\" \/>\n<meta property=\"og:image\" content=\"https:\/\/www.grupopr.com\/wp-content\/uploads\/2023\/04\/imagenes-pagina-web-2-scaled.jpg\" \/>\n<meta name=\"twitter:card\" content=\"summary_large_image\" \/>\n<meta name=\"twitter:label1\" content=\"Tiempo de lectura\" \/>\n\t<meta name=\"twitter:data1\" content=\"4 minutos\" \/>\n<script type=\"application\/ld+json\" class=\"yoast-schema-graph\">{\"@context\":\"https:\\\/\\\/schema.org\",\"@graph\":[{\"@type\":\"WebPage\",\"@id\":\"https:\\\/\\\/www.grupopr.com\\\/index.php\\\/blog-cocinas-pequenas-modernas\\\/\",\"url\":\"https:\\\/\\\/www.grupopr.com\\\/index.php\\\/blog-cocinas-pequenas-modernas\\\/\",\"name\":\"Blog - Cocinas peque\u00f1as modernas - GRUPO PINEDA\",\"isPartOf\":{\"@id\":\"https:\\\/\\\/www.grupopr.com\\\/#website\"},\"primaryImageOfPage\":{\"@id\":\"https:\\\/\\\/www.grupopr.com\\\/index.php\\\/blog-cocinas-pequenas-modernas\\\/#primaryimage\"},\"image\":{\"@id\":\"https:\\\/\\\/www.grupopr.com\\\/index.php\\\/blog-cocinas-pequenas-modernas\\\/#primaryimage\"},\"thumbnailUrl\":\"https:\\\/\\\/www.grupopr.com\\\/wp-content\\\/uploads\\\/2023\\\/04\\\/imagenes-pagina-web-2-scaled.jpg\",\"datePublished\":\"2023-04-20T07:37:26+00:00\",\"dateModified\":\"2023-04-20T07:52:57+00:00\",\"breadcrumb\":{\"@id\":\"https:\\\/\\\/www.grupopr.com\\\/index.php\\\/blog-cocinas-pequenas-modernas\\\/#breadcrumb\"},\"inLanguage\":\"es\",\"potentialAction\":[{\"@type\":\"ReadAction\",\"target\":[\"https:\\\/\\\/www.grupopr.com\\\/index.php\\\/blog-cocinas-pequenas-modernas\\\/\"]}]},{\"@type\":\"ImageObject\",\"inLanguage\":\"es\",\"@id\":\"https:\\\/\\\/www.grupopr.com\\\/index.php\\\/blog-cocinas-pequenas-modernas\\\/#primaryimage\",\"url\":\"https:\\\/\\\/www.grupopr.com\\\/wp-content\\\/uploads\\\/2023\\\/04\\\/imagenes-pagina-web-2-scaled.jpg\",\"contentUrl\":\"https:\\\/\\\/www.grupopr.com\\\/wp-content\\\/uploads\\\/2023\\\/04\\\/imagenes-pagina-web-2-scaled.jpg\",\"width\":2560,\"height\":1440},{\"@type\":\"BreadcrumbList\",\"@id\":\"https:\\\/\\\/www.grupopr.com\\\/index.php\\\/blog-cocinas-pequenas-modernas\\\/#breadcrumb\",\"itemListElement\":[{\"@type\":\"ListItem\",\"position\":1,\"name\":\"Portada\",\"item\":\"https:\\\/\\\/www.grupopr.com\\\/\"},{\"@type\":\"ListItem\",\"position\":2,\"name\":\"Blog &#8211; Cocinas peque\u00f1as modernas\"}]},{\"@type\":\"WebSite\",\"@id\":\"https:\\\/\\\/www.grupopr.com\\\/#website\",\"url\":\"https:\\\/\\\/www.grupopr.com\\\/\",\"name\":\"GRUPO PINEDA\",\"description\":\"\",\"publisher\":{\"@id\":\"https:\\\/\\\/www.grupopr.com\\\/#organization\"},\"potentialAction\":[{\"@type\":\"SearchAction\",\"target\":{\"@type\":\"EntryPoint\",\"urlTemplate\":\"https:\\\/\\\/www.grupopr.com\\\/?s={search_term_string}\"},\"query-input\":{\"@type\":\"PropertyValueSpecification\",\"valueRequired\":true,\"valueName\":\"search_term_string\"}}],\"inLanguage\":\"es\"},{\"@type\":\"Organization\",\"@id\":\"https:\\\/\\\/www.grupopr.com\\\/#organization\",\"name\":\"GRUPO PINEDA\",\"url\":\"https:\\\/\\\/www.grupopr.com\\\/\",\"logo\":{\"@type\":\"ImageObject\",\"inLanguage\":\"es\",\"@id\":\"https:\\\/\\\/www.grupopr.com\\\/#\\\/schema\\\/logo\\\/image\\\/\",\"url\":\"https:\\\/\\\/www.grupopr.com\\\/wp-content\\\/uploads\\\/2024\\\/09\\\/cropped-LOGO-NUEVO-GRUPO-PINEDA.png\",\"contentUrl\":\"https:\\\/\\\/www.grupopr.com\\\/wp-content\\\/uploads\\\/2024\\\/09\\\/cropped-LOGO-NUEVO-GRUPO-PINEDA.png\",\"width\":3498,\"height\":922,\"caption\":\"GRUPO PINEDA\"},\"image\":{\"@id\":\"https:\\\/\\\/www.grupopr.com\\\/#\\\/schema\\\/logo\\\/image\\\/\"}}]}<\/script>\n<!-- \/ Yoast SEO plugin. -->","yoast_head_json":{"title":"Blog - Cocinas peque\u00f1as modernas - GRUPO PINEDA","robots":{"index":"index","follow":"follow","max-snippet":"max-snippet:-1","max-image-preview":"max-image-preview:large","max-video-preview":"max-video-preview:-1"},"canonical":"https:\/\/www.grupopr.com\/index.php\/blog-cocinas-pequenas-modernas\/","og_locale":"es_ES","og_type":"article","og_title":"Blog - Cocinas peque\u00f1as modernas - GRUPO PINEDA","og_description":"http:\/\/www.grupopr.com\/wp-content\/uploads\/2023\/04\/portada-pagina-web-grupopr.mp4 Cocinas peque\u00f1as modernas Espacios peque\u00f1os no son sin\u00f3nimo de incomodidad. Para que nuestra\u00a0cocina peque\u00f1a sea lo m\u00e1s pr\u00e1ctica posible\u00a0t\u00f3mate un tiempo en pensar la estructura y distribuci\u00f3n, colores, dise\u00f1o, espacio disponible, decoraci\u00f3n, etc. Para ello te recomendamos que leas blogs, consultes revistas e incluso que te hagas tus propias simulaciones, en papel o en&hellip; Leer m\u00e1s","og_url":"https:\/\/www.grupopr.com\/index.php\/blog-cocinas-pequenas-modernas\/","og_site_name":"GRUPO PINEDA","article_modified_time":"2023-04-20T07:52:57+00:00","og_image":[{"url":"https:\/\/www.grupopr.com\/wp-content\/uploads\/2023\/04\/imagenes-pagina-web-2-scaled.jpg","type":"","width":"","height":""}],"twitter_card":"summary_large_image","twitter_misc":{"Tiempo de lectura":"4 minutos"},"schema":{"@context":"https:\/\/schema.org","@graph":[{"@type":"WebPage","@id":"https:\/\/www.grupopr.com\/index.php\/blog-cocinas-pequenas-modernas\/","url":"https:\/\/www.grupopr.com\/index.php\/blog-cocinas-pequenas-modernas\/","name":"Blog - Cocinas peque\u00f1as modernas - GRUPO PINEDA","isPartOf":{"@id":"https:\/\/www.grupopr.com\/#website"},"primaryImageOfPage":{"@id":"https:\/\/www.grupopr.com\/index.php\/blog-cocinas-pequenas-modernas\/#primaryimage"},"image":{"@id":"https:\/\/www.grupopr.com\/index.php\/blog-cocinas-pequenas-modernas\/#primaryimage"},"thumbnailUrl":"https:\/\/www.grupopr.com\/wp-content\/uploads\/2023\/04\/imagenes-pagina-web-2-scaled.jpg","datePublished":"2023-04-20T07:37:26+00:00","dateModified":"2023-04-20T07:52:57+00:00","breadcrumb":{"@id":"https:\/\/www.grupopr.com\/index.php\/blog-cocinas-pequenas-modernas\/#breadcrumb"},"inLanguage":"es","potentialAction":[{"@type":"ReadAction","target":["https:\/\/www.grupopr.com\/index.php\/blog-cocinas-pequenas-modernas\/"]}]},{"@type":"ImageObject","inLanguage":"es","@id":"https:\/\/www.grupopr.com\/index.php\/blog-cocinas-pequenas-modernas\/#primaryimage","url":"https:\/\/www.grupopr.com\/wp-content\/uploads\/2023\/04\/imagenes-pagina-web-2-scaled.jpg","contentUrl":"https:\/\/www.grupopr.com\/wp-content\/uploads\/2023\/04\/imagenes-pagina-web-2-scaled.jpg","width":2560,"height":1440},{"@type":"BreadcrumbList","@id":"https:\/\/www.grupopr.com\/index.php\/blog-cocinas-pequenas-modernas\/#breadcrumb","itemListElement":[{"@type":"ListItem","position":1,"name":"Portada","item":"https:\/\/www.grupopr.com\/"},{"@type":"ListItem","position":2,"name":"Blog &#8211; Cocinas peque\u00f1as modernas"}]},{"@type":"WebSite","@id":"https:\/\/www.grupopr.com\/#website","url":"https:\/\/www.grupopr.com\/","name":"GRUPO PINEDA","description":"","publisher":{"@id":"https:\/\/www.grupopr.com\/#organization"},"potentialAction":[{"@type":"SearchAction","target":{"@type":"EntryPoint","urlTemplate":"https:\/\/www.grupopr.com\/?s={search_term_string}"},"query-input":{"@type":"PropertyValueSpecification","valueRequired":true,"valueName":"search_term_string"}}],"inLanguage":"es"},{"@type":"Organization","@id":"https:\/\/www.grupopr.com\/#organization","name":"GRUPO PINEDA","url":"https:\/\/www.grupopr.com\/","logo":{"@type":"ImageObject","inLanguage":"es","@id":"https:\/\/www.grupopr.com\/#\/schema\/logo\/image\/","url":"https:\/\/www.grupopr.com\/wp-content\/uploads\/2024\/09\/cropped-LOGO-NUEVO-GRUPO-PINEDA.png","contentUrl":"https:\/\/www.grupopr.com\/wp-content\/uploads\/2024\/09\/cropped-LOGO-NUEVO-GRUPO-PINEDA.png","width":3498,"height":922,"caption":"GRUPO PINEDA"},"image":{"@id":"https:\/\/www.grupopr.com\/#\/schema\/logo\/image\/"}}]}},"jetpack_sharing_enabled":true,"_links":{"self":[{"href":"https:\/\/www.grupopr.com\/index.php\/wp-json\/wp\/v2\/pages\/1321","targetHints":{"allow":["GET"]}}],"collection":[{"href":"https:\/\/www.grupopr.com\/index.php\/wp-json\/wp\/v2\/pages"}],"about":[{"href":"https:\/\/www.grupopr.com\/index.php\/wp-json\/wp\/v2\/types\/page"}],"author":[{"embeddable":true,"href":"https:\/\/www.grupopr.com\/index.php\/wp-json\/wp\/v2\/users\/1"}],"replies":[{"embeddable":true,"href":"https:\/\/www.grupopr.com\/index.php\/wp-json\/wp\/v2\/comments?post=1321"}],"version-history":[{"count":10,"href":"https:\/\/www.grupopr.com\/index.php\/wp-json\/wp\/v2\/pages\/1321\/revisions"}],"predecessor-version":[{"id":1338,"href":"https:\/\/www.grupopr.com\/index.php\/wp-json\/wp\/v2\/pages\/1321\/revisions\/1338"}],"wp:attachment":[{"href":"https:\/\/www.grupopr.com\/index.php\/wp-json\/wp\/v2\/media?parent=1321"}],"curies":[{"name":"wp","href":"https:\/\/api.w.org\/{rel}","templated":true}]}}