{"id":1298,"date":"2023-04-20T07:22:11","date_gmt":"2023-04-20T07:22:11","guid":{"rendered":"https:\/\/www.grupopr.com\/?page_id=1298"},"modified":"2023-04-20T07:53:49","modified_gmt":"2023-04-20T07:53:49","slug":"blog-muebles-de-cocina-hasta-el-techo-o-no","status":"publish","type":"page","link":"https:\/\/www.grupopr.com\/index.php\/blog-muebles-de-cocina-hasta-el-techo-o-no\/","title":{"rendered":"Blog &#8211; Muebles de cocina\u00a0\u00bfhasta el techo o no?"},"content":{"rendered":"\t\t<div data-elementor-type=\"wp-page\" data-elementor-id=\"1298\" class=\"elementor elementor-1298\">\n\t\t\t\t\t\t<section class=\"elementor-section elementor-top-section elementor-element elementor-element-e061b14 elementor-section-boxed elementor-section-height-default elementor-section-height-default\" data-id=\"e061b14\" data-element_type=\"section\" data-e-type=\"section\">\n\t\t\t\t\t\t<div class=\"elementor-container elementor-column-gap-default\">\n\t\t\t\t\t<div class=\"elementor-column elementor-col-100 elementor-top-column elementor-element elementor-element-75c81ac\" data-id=\"75c81ac\" data-element_type=\"column\" data-e-type=\"column\">\n\t\t\t<div class=\"elementor-widget-wrap elementor-element-populated\">\n\t\t\t\t\t\t<div class=\"elementor-element elementor-element-3bf1b86 elementor-widget elementor-widget-video\" data-id=\"3bf1b86\" data-element_type=\"widget\" data-e-type=\"widget\" data-settings=\"{&quot;video_type&quot;:&quot;hosted&quot;,&quot;autoplay&quot;:&quot;yes&quot;,&quot;play_on_mobile&quot;:&quot;yes&quot;,&quot;mute&quot;:&quot;yes&quot;,&quot;loop&quot;:&quot;yes&quot;}\" data-widget_type=\"video.default\">\n\t\t\t\t<div class=\"elementor-widget-container\">\n\t\t\t\t\t\t\t<div class=\"e-hosted-video elementor-wrapper elementor-open-inline\">\n\t\t\t\t\t<video class=\"elementor-video\" src=\"http:\/\/www.grupopr.com\/wp-content\/uploads\/2023\/04\/portada-pagina-web-grupopr.mp4\" autoplay=\"\" loop=\"\" muted=\"muted\" playsinline=\"\" controlsList=\"nodownload\"><\/video>\n\t\t\t\t<\/div>\n\t\t\t\t\t\t<\/div>\n\t\t\t\t<\/div>\n\t\t\t\t\t<\/div>\n\t\t<\/div>\n\t\t\t\t\t<\/div>\n\t\t<\/section>\n\t\t\t\t<section class=\"elementor-section elementor-top-section elementor-element elementor-element-fef908e elementor-section-boxed elementor-section-height-default elementor-section-height-default\" data-id=\"fef908e\" data-element_type=\"section\" data-e-type=\"section\">\n\t\t\t\t\t\t<div class=\"elementor-container elementor-column-gap-default\">\n\t\t\t\t\t<div class=\"elementor-column elementor-col-100 elementor-top-column elementor-element elementor-element-ca558c6\" data-id=\"ca558c6\" data-element_type=\"column\" data-e-type=\"column\" data-settings=\"{&quot;background_background&quot;:&quot;classic&quot;}\">\n\t\t\t<div class=\"elementor-widget-wrap elementor-element-populated\">\n\t\t\t\t\t\t<div class=\"elementor-element elementor-element-f3f8eb6 elementor-widget elementor-widget-image\" data-id=\"f3f8eb6\" data-element_type=\"widget\" data-e-type=\"widget\" data-widget_type=\"image.default\">\n\t\t\t\t<div class=\"elementor-widget-container\">\n\t\t\t\t\t\t\t\t\t\t\t\t\t\t\t<img fetchpriority=\"high\" decoding=\"async\" width=\"2560\" height=\"1440\" src=\"https:\/\/www.grupopr.com\/wp-content\/uploads\/2023\/04\/imagenes-pagina-web-scaled.jpg\" class=\"attachment-full size-full wp-image-1113\" alt=\"\" srcset=\"https:\/\/www.grupopr.com\/wp-content\/uploads\/2023\/04\/imagenes-pagina-web-scaled.jpg 2560w, https:\/\/www.grupopr.com\/wp-content\/uploads\/2023\/04\/imagenes-pagina-web-300x169.jpg 300w, https:\/\/www.grupopr.com\/wp-content\/uploads\/2023\/04\/imagenes-pagina-web-1024x576.jpg 1024w, https:\/\/www.grupopr.com\/wp-content\/uploads\/2023\/04\/imagenes-pagina-web-768x432.jpg 768w, https:\/\/www.grupopr.com\/wp-content\/uploads\/2023\/04\/imagenes-pagina-web-1536x864.jpg 1536w, https:\/\/www.grupopr.com\/wp-content\/uploads\/2023\/04\/imagenes-pagina-web-2048x1152.jpg 2048w, https:\/\/www.grupopr.com\/wp-content\/uploads\/2023\/04\/imagenes-pagina-web-1920x1080.jpg 1920w, https:\/\/www.grupopr.com\/wp-content\/uploads\/2023\/04\/imagenes-pagina-web-600x338.jpg 600w\" sizes=\"(max-width: 2560px) 100vw, 2560px\" \/>\t\t\t\t\t\t\t\t\t\t\t\t\t\t\t<\/div>\n\t\t\t\t<\/div>\n\t\t\t\t<div class=\"elementor-element elementor-element-b52f031 elementor-widget elementor-widget-text-editor\" data-id=\"b52f031\" data-element_type=\"widget\" data-e-type=\"widget\" data-widget_type=\"text-editor.default\">\n\t\t\t\t<div class=\"elementor-widget-container\">\n\t\t\t\t\t\t\t\t\t<h2 style=\"text-align: center;\"><span style=\"color: #61ce70;\"><strong>Muebles de cocina <\/strong><\/span><strong style=\"color: #61ce70;\">\u00bfhasta el techo o no?<\/strong><\/h2><p><span style=\"color: #000000;\">Cada vez es m\u00e1s habitual la consulta sobre si los muebles de la cocina deben llegar hasta el techo o no. La realidad es que est\u00e9ticamente quedan muy bien y adem\u00e1s evitamos la acumulaci\u00f3n de polvo en la parte superior de los muebles.<\/span><\/p><p><span style=\"color: #000000;\">La altura de los muebles la tenemos que decidir en funci\u00f3n de la capacidad que necesitemos, la altura del techo y el estilo y dise\u00f1o de la cocina en conjunto.<\/span><\/p><h3><span style=\"color: #000000;\">VENTAJAS:<\/span><\/h3><p><span style=\"color: #000000;\">1.- Las principales ventajas de los\u00a0muebles de cocina hasta el techo\u00a0son\u00a0est\u00e9ticas\u00a0y que nos dan un mayor espacio de\u00a0almacenamiento. Existe una cierta tendencia actual entre los consumidores que opina que los muebles hasta el techo crean espacios m\u00e1s elegantes y modernos.<\/span><\/p><p><span style=\"color: #000000;\">2.- Otra ventaja est\u00e1 relacionada con la\u00a0limpieza. Al no tener hueco superior evitamos la acumulaci\u00f3n de polvo y ahorraremos tiempo en la limpieza e higiene de nuestra cocina.<\/span><\/p><h3><span style=\"color: #000000;\">INCONVENIENTES:<\/span><\/h3><p><span style=\"color: #000000;\">1.- El principal problema de tener muebles hasta el techo es que vamos a necesitar una peque\u00f1a\u00a0escalera o taburete\u00a0para poder llegar a la parte superior de los mismos.<\/span><\/p><p><span style=\"color: #000000;\">2.- Otro problema puede ser que si el techo no est\u00e1 completamente nivelado\u00a0las puertas de los muebles pueden rozar\u00a0con el mismo y por tanto existir un mayor desgaste.<\/span><\/p><p><span style=\"color: #000000;\">3.- Otra dificultad ser\u00e1 que, en algunas ocasiones, estos\u00a0muebles\u00a0los tenemos que hacer\u00a0a medida\u00a0y por ende, se incrementa el precio de la cocina. Nosotros intentamos adaptar nuestros dise\u00f1os de forma que encajen muebles standard dentro de la distribuci\u00f3n existente y hacer propuestas que integren todo.<\/span><\/p>\t\t\t\t\t\t\t\t<\/div>\n\t\t\t\t<\/div>\n\t\t\t\t<div class=\"elementor-element elementor-element-24b20ba elementor-widget elementor-widget-text-editor\" data-id=\"24b20ba\" data-element_type=\"widget\" data-e-type=\"widget\" data-widget_type=\"text-editor.default\">\n\t\t\t\t<div class=\"elementor-widget-container\">\n\t\t\t\t\t\t\t\t\t<p><span style=\"color: #808080;\">27 de febrero de 2023<\/span><\/p>\t\t\t\t\t\t\t\t<\/div>\n\t\t\t\t<\/div>\n\t\t\t\t\t<\/div>\n\t\t<\/div>\n\t\t\t\t\t<\/div>\n\t\t<\/section>\n\t\t\t\t<\/div>\n\t\t","protected":false},"excerpt":{"rendered":"<p>http:\/\/www.grupopr.com\/wp-content\/uploads\/2023\/04\/portada-pagina-web-grupopr.mp4 Muebles de cocina \u00bfhasta el techo o no? Cada vez es m\u00e1s habitual la consulta sobre si los muebles de la cocina deben llegar hasta el techo o no. La realidad es que est\u00e9ticamente quedan muy bien y adem\u00e1s evitamos la acumulaci\u00f3n de polvo en la parte superior de los muebles. La altura de&hellip; <br \/> <a class=\"read-more\" href=\"https:\/\/www.grupopr.com\/index.php\/blog-muebles-de-cocina-hasta-el-techo-o-no\/\">Leer m\u00e1s<\/a><\/p>\n","protected":false},"author":1,"featured_media":0,"parent":0,"menu_order":0,"comment_status":"closed","ping_status":"closed","template":"","meta":{"footnotes":""},"class_list":["post-1298","page","type-page","status-publish","hentry"],"yoast_head":"<!-- This site is optimized with the Yoast SEO plugin v27.6 - https:\/\/yoast.com\/product\/yoast-seo-wordpress\/ -->\n<title>Blog - Muebles de cocina\u00a0\u00bfhasta el techo o no? - GRUPO PINEDA<\/title>\n<meta name=\"robots\" content=\"index, follow, max-snippet:-1, max-image-preview:large, max-video-preview:-1\" \/>\n<link rel=\"canonical\" href=\"https:\/\/www.grupopr.com\/index.php\/blog-muebles-de-cocina-hasta-el-techo-o-no\/\" \/>\n<meta property=\"og:locale\" content=\"es_ES\" \/>\n<meta property=\"og:type\" content=\"article\" \/>\n<meta property=\"og:title\" content=\"Blog - Muebles de cocina\u00a0\u00bfhasta el techo o no? - GRUPO PINEDA\" \/>\n<meta property=\"og:description\" content=\"http:\/\/www.grupopr.com\/wp-content\/uploads\/2023\/04\/portada-pagina-web-grupopr.mp4 Muebles de cocina \u00bfhasta el techo o no? Cada vez es m\u00e1s habitual la consulta sobre si los muebles de la cocina deben llegar hasta el techo o no. La realidad es que est\u00e9ticamente quedan muy bien y adem\u00e1s evitamos la acumulaci\u00f3n de polvo en la parte superior de los muebles. La altura de&hellip; Leer m\u00e1s\" \/>\n<meta property=\"og:url\" content=\"https:\/\/www.grupopr.com\/index.php\/blog-muebles-de-cocina-hasta-el-techo-o-no\/\" \/>\n<meta property=\"og:site_name\" content=\"GRUPO PINEDA\" \/>\n<meta property=\"article:modified_time\" content=\"2023-04-20T07:53:49+00:00\" \/>\n<meta property=\"og:image\" content=\"https:\/\/www.grupopr.com\/wp-content\/uploads\/2023\/04\/imagenes-pagina-web-scaled.jpg\" \/>\n<meta name=\"twitter:card\" content=\"summary_large_image\" \/>\n<meta name=\"twitter:label1\" content=\"Tiempo de lectura\" \/>\n\t<meta name=\"twitter:data1\" content=\"2 minutos\" \/>\n<script type=\"application\/ld+json\" class=\"yoast-schema-graph\">{\"@context\":\"https:\\\/\\\/schema.org\",\"@graph\":[{\"@type\":\"WebPage\",\"@id\":\"https:\\\/\\\/www.grupopr.com\\\/index.php\\\/blog-muebles-de-cocina-hasta-el-techo-o-no\\\/\",\"url\":\"https:\\\/\\\/www.grupopr.com\\\/index.php\\\/blog-muebles-de-cocina-hasta-el-techo-o-no\\\/\",\"name\":\"Blog - Muebles de cocina\u00a0\u00bfhasta el techo o no? - GRUPO PINEDA\",\"isPartOf\":{\"@id\":\"https:\\\/\\\/www.grupopr.com\\\/#website\"},\"primaryImageOfPage\":{\"@id\":\"https:\\\/\\\/www.grupopr.com\\\/index.php\\\/blog-muebles-de-cocina-hasta-el-techo-o-no\\\/#primaryimage\"},\"image\":{\"@id\":\"https:\\\/\\\/www.grupopr.com\\\/index.php\\\/blog-muebles-de-cocina-hasta-el-techo-o-no\\\/#primaryimage\"},\"thumbnailUrl\":\"https:\\\/\\\/www.grupopr.com\\\/wp-content\\\/uploads\\\/2023\\\/04\\\/imagenes-pagina-web-scaled.jpg\",\"datePublished\":\"2023-04-20T07:22:11+00:00\",\"dateModified\":\"2023-04-20T07:53:49+00:00\",\"breadcrumb\":{\"@id\":\"https:\\\/\\\/www.grupopr.com\\\/index.php\\\/blog-muebles-de-cocina-hasta-el-techo-o-no\\\/#breadcrumb\"},\"inLanguage\":\"es\",\"potentialAction\":[{\"@type\":\"ReadAction\",\"target\":[\"https:\\\/\\\/www.grupopr.com\\\/index.php\\\/blog-muebles-de-cocina-hasta-el-techo-o-no\\\/\"]}]},{\"@type\":\"ImageObject\",\"inLanguage\":\"es\",\"@id\":\"https:\\\/\\\/www.grupopr.com\\\/index.php\\\/blog-muebles-de-cocina-hasta-el-techo-o-no\\\/#primaryimage\",\"url\":\"https:\\\/\\\/www.grupopr.com\\\/wp-content\\\/uploads\\\/2023\\\/04\\\/imagenes-pagina-web-scaled.jpg\",\"contentUrl\":\"https:\\\/\\\/www.grupopr.com\\\/wp-content\\\/uploads\\\/2023\\\/04\\\/imagenes-pagina-web-scaled.jpg\",\"width\":2560,\"height\":1440},{\"@type\":\"BreadcrumbList\",\"@id\":\"https:\\\/\\\/www.grupopr.com\\\/index.php\\\/blog-muebles-de-cocina-hasta-el-techo-o-no\\\/#breadcrumb\",\"itemListElement\":[{\"@type\":\"ListItem\",\"position\":1,\"name\":\"Portada\",\"item\":\"https:\\\/\\\/www.grupopr.com\\\/\"},{\"@type\":\"ListItem\",\"position\":2,\"name\":\"Blog &#8211; Muebles de cocina\u00a0\u00bfhasta el techo o no?\"}]},{\"@type\":\"WebSite\",\"@id\":\"https:\\\/\\\/www.grupopr.com\\\/#website\",\"url\":\"https:\\\/\\\/www.grupopr.com\\\/\",\"name\":\"GRUPO PINEDA\",\"description\":\"\",\"publisher\":{\"@id\":\"https:\\\/\\\/www.grupopr.com\\\/#organization\"},\"potentialAction\":[{\"@type\":\"SearchAction\",\"target\":{\"@type\":\"EntryPoint\",\"urlTemplate\":\"https:\\\/\\\/www.grupopr.com\\\/?s={search_term_string}\"},\"query-input\":{\"@type\":\"PropertyValueSpecification\",\"valueRequired\":true,\"valueName\":\"search_term_string\"}}],\"inLanguage\":\"es\"},{\"@type\":\"Organization\",\"@id\":\"https:\\\/\\\/www.grupopr.com\\\/#organization\",\"name\":\"GRUPO PINEDA\",\"url\":\"https:\\\/\\\/www.grupopr.com\\\/\",\"logo\":{\"@type\":\"ImageObject\",\"inLanguage\":\"es\",\"@id\":\"https:\\\/\\\/www.grupopr.com\\\/#\\\/schema\\\/logo\\\/image\\\/\",\"url\":\"https:\\\/\\\/www.grupopr.com\\\/wp-content\\\/uploads\\\/2024\\\/09\\\/cropped-LOGO-NUEVO-GRUPO-PINEDA.png\",\"contentUrl\":\"https:\\\/\\\/www.grupopr.com\\\/wp-content\\\/uploads\\\/2024\\\/09\\\/cropped-LOGO-NUEVO-GRUPO-PINEDA.png\",\"width\":3498,\"height\":922,\"caption\":\"GRUPO PINEDA\"},\"image\":{\"@id\":\"https:\\\/\\\/www.grupopr.com\\\/#\\\/schema\\\/logo\\\/image\\\/\"}}]}<\/script>\n<!-- \/ Yoast SEO plugin. -->","yoast_head_json":{"title":"Blog - Muebles de cocina\u00a0\u00bfhasta el techo o no? - GRUPO PINEDA","robots":{"index":"index","follow":"follow","max-snippet":"max-snippet:-1","max-image-preview":"max-image-preview:large","max-video-preview":"max-video-preview:-1"},"canonical":"https:\/\/www.grupopr.com\/index.php\/blog-muebles-de-cocina-hasta-el-techo-o-no\/","og_locale":"es_ES","og_type":"article","og_title":"Blog - Muebles de cocina\u00a0\u00bfhasta el techo o no? - GRUPO PINEDA","og_description":"http:\/\/www.grupopr.com\/wp-content\/uploads\/2023\/04\/portada-pagina-web-grupopr.mp4 Muebles de cocina \u00bfhasta el techo o no? Cada vez es m\u00e1s habitual la consulta sobre si los muebles de la cocina deben llegar hasta el techo o no. La realidad es que est\u00e9ticamente quedan muy bien y adem\u00e1s evitamos la acumulaci\u00f3n de polvo en la parte superior de los muebles. La altura de&hellip; Leer m\u00e1s","og_url":"https:\/\/www.grupopr.com\/index.php\/blog-muebles-de-cocina-hasta-el-techo-o-no\/","og_site_name":"GRUPO PINEDA","article_modified_time":"2023-04-20T07:53:49+00:00","og_image":[{"url":"https:\/\/www.grupopr.com\/wp-content\/uploads\/2023\/04\/imagenes-pagina-web-scaled.jpg","type":"","width":"","height":""}],"twitter_card":"summary_large_image","twitter_misc":{"Tiempo de lectura":"2 minutos"},"schema":{"@context":"https:\/\/schema.org","@graph":[{"@type":"WebPage","@id":"https:\/\/www.grupopr.com\/index.php\/blog-muebles-de-cocina-hasta-el-techo-o-no\/","url":"https:\/\/www.grupopr.com\/index.php\/blog-muebles-de-cocina-hasta-el-techo-o-no\/","name":"Blog - Muebles de cocina\u00a0\u00bfhasta el techo o no? - GRUPO PINEDA","isPartOf":{"@id":"https:\/\/www.grupopr.com\/#website"},"primaryImageOfPage":{"@id":"https:\/\/www.grupopr.com\/index.php\/blog-muebles-de-cocina-hasta-el-techo-o-no\/#primaryimage"},"image":{"@id":"https:\/\/www.grupopr.com\/index.php\/blog-muebles-de-cocina-hasta-el-techo-o-no\/#primaryimage"},"thumbnailUrl":"https:\/\/www.grupopr.com\/wp-content\/uploads\/2023\/04\/imagenes-pagina-web-scaled.jpg","datePublished":"2023-04-20T07:22:11+00:00","dateModified":"2023-04-20T07:53:49+00:00","breadcrumb":{"@id":"https:\/\/www.grupopr.com\/index.php\/blog-muebles-de-cocina-hasta-el-techo-o-no\/#breadcrumb"},"inLanguage":"es","potentialAction":[{"@type":"ReadAction","target":["https:\/\/www.grupopr.com\/index.php\/blog-muebles-de-cocina-hasta-el-techo-o-no\/"]}]},{"@type":"ImageObject","inLanguage":"es","@id":"https:\/\/www.grupopr.com\/index.php\/blog-muebles-de-cocina-hasta-el-techo-o-no\/#primaryimage","url":"https:\/\/www.grupopr.com\/wp-content\/uploads\/2023\/04\/imagenes-pagina-web-scaled.jpg","contentUrl":"https:\/\/www.grupopr.com\/wp-content\/uploads\/2023\/04\/imagenes-pagina-web-scaled.jpg","width":2560,"height":1440},{"@type":"BreadcrumbList","@id":"https:\/\/www.grupopr.com\/index.php\/blog-muebles-de-cocina-hasta-el-techo-o-no\/#breadcrumb","itemListElement":[{"@type":"ListItem","position":1,"name":"Portada","item":"https:\/\/www.grupopr.com\/"},{"@type":"ListItem","position":2,"name":"Blog &#8211; Muebles de cocina\u00a0\u00bfhasta el techo o no?"}]},{"@type":"WebSite","@id":"https:\/\/www.grupopr.com\/#website","url":"https:\/\/www.grupopr.com\/","name":"GRUPO PINEDA","description":"","publisher":{"@id":"https:\/\/www.grupopr.com\/#organization"},"potentialAction":[{"@type":"SearchAction","target":{"@type":"EntryPoint","urlTemplate":"https:\/\/www.grupopr.com\/?s={search_term_string}"},"query-input":{"@type":"PropertyValueSpecification","valueRequired":true,"valueName":"search_term_string"}}],"inLanguage":"es"},{"@type":"Organization","@id":"https:\/\/www.grupopr.com\/#organization","name":"GRUPO PINEDA","url":"https:\/\/www.grupopr.com\/","logo":{"@type":"ImageObject","inLanguage":"es","@id":"https:\/\/www.grupopr.com\/#\/schema\/logo\/image\/","url":"https:\/\/www.grupopr.com\/wp-content\/uploads\/2024\/09\/cropped-LOGO-NUEVO-GRUPO-PINEDA.png","contentUrl":"https:\/\/www.grupopr.com\/wp-content\/uploads\/2024\/09\/cropped-LOGO-NUEVO-GRUPO-PINEDA.png","width":3498,"height":922,"caption":"GRUPO PINEDA"},"image":{"@id":"https:\/\/www.grupopr.com\/#\/schema\/logo\/image\/"}}]}},"jetpack_sharing_enabled":true,"_links":{"self":[{"href":"https:\/\/www.grupopr.com\/index.php\/wp-json\/wp\/v2\/pages\/1298","targetHints":{"allow":["GET"]}}],"collection":[{"href":"https:\/\/www.grupopr.com\/index.php\/wp-json\/wp\/v2\/pages"}],"about":[{"href":"https:\/\/www.grupopr.com\/index.php\/wp-json\/wp\/v2\/types\/page"}],"author":[{"embeddable":true,"href":"https:\/\/www.grupopr.com\/index.php\/wp-json\/wp\/v2\/users\/1"}],"replies":[{"embeddable":true,"href":"https:\/\/www.grupopr.com\/index.php\/wp-json\/wp\/v2\/comments?post=1298"}],"version-history":[{"count":10,"href":"https:\/\/www.grupopr.com\/index.php\/wp-json\/wp\/v2\/pages\/1298\/revisions"}],"predecessor-version":[{"id":1341,"href":"https:\/\/www.grupopr.com\/index.php\/wp-json\/wp\/v2\/pages\/1298\/revisions\/1341"}],"wp:attachment":[{"href":"https:\/\/www.grupopr.com\/index.php\/wp-json\/wp\/v2\/media?parent=1298"}],"curies":[{"name":"wp","href":"https:\/\/api.w.org\/{rel}","templated":true}]}}